{"id":11471,"date":"2022-10-18T03:57:58","date_gmt":"2022-10-18T03:57:58","guid":{"rendered":"https:\/\/velo.md\/product\/uncategorized\/pampers-semnyj-muzhskoj-166\/"},"modified":"2024-12-04T11:53:06","modified_gmt":"2024-12-04T11:53:06","slug":"pampers-semnyj-muzhskoj-166","status":"publish","type":"product","link":"https:\/\/velo.md\/ro\/products\/equipment\/biotex\/summer\/pampers-semnyj-muzhskoj-166\/","title":{"rendered":"Scutece de sex masculin deta\u0219abil 166"},"content":{"rendered":"","protected":false},"excerpt":{"rendered":"<p>Acest tampon este potrivit pentru toate tipurile de articole de \u00eembr\u0103c\u0103minte. Datorit\u0103 siliconului, r\u0103m\u00e2ne ferm \u00een pozi\u021bie: nu este nevoie s\u0103 fie cusut. Acesta poate fi sp\u0103lat \u00een ma\u0219ina de sp\u0103lat \u0219i pus pe orice articol de \u00eembr\u0103c\u0103minte, dup\u0103 cum este necesar. Tamponul deta\u0219abil pentru b\u0103rba\u021bi poate fi utilizat \u00een orice moment al anului.<\/p>\n<p>-20\u00b0&gt;+40\u00b0<\/p>","protected":false},"featured_media":11473,"comment_status":"closed","ping_status":"closed","template":"","meta":{"_uag_custom_page_level_css":"","site-sidebar-layout":"no-sidebar","site-content-layout":"plain-container","ast-global-header-display":"","ast-main-header-display":"","ast-hfb-above-header-display":"","ast-hfb-below-header-display":"","ast-hfb-mobile-header-display":"","site-post-title":"","ast-breadcrumbs-content":"","ast-featured-img":"","footer-sml-layout":"","theme-transparent-header-meta":"default","adv-header-id-meta":"","stick-header-meta":"","header-above-stick-meta":"","header-main-stick-meta":"","header-below-stick-meta":""},"product_cat":[1552,1551,502,514],"product_tag":[],"class_list":["post-11471","product","type-product","status-publish","has-post-thumbnail","hentry","product_cat-winter","product_cat-summer","product_cat-equipment","product_cat-biotex","top_cat_502"],"uagb_featured_image_src":{"full":["https:\/\/velo.md\/wp-content\/uploads\/2022\/10\/166_841x1024.jpg",841,1024,false],"thumbnail":["https:\/\/velo.md\/wp-content\/uploads\/2022\/10\/166_841x1024-150x150.jpg",150,150,true],"medium":["https:\/\/velo.md\/wp-content\/uploads\/2022\/10\/166_841x1024-246x300.jpg",246,300,true],"medium_large":["https:\/\/velo.md\/wp-content\/uploads\/2022\/10\/166_841x1024-768x935.jpg",768,935,true],"large":["https:\/\/velo.md\/wp-content\/uploads\/2022\/10\/166_841x1024.jpg",841,1024,false],"1536x1536":["https:\/\/velo.md\/wp-content\/uploads\/2022\/10\/166_841x1024.jpg",841,1024,false],"2048x2048":["https:\/\/velo.md\/wp-content\/uploads\/2022\/10\/166_841x1024.jpg",841,1024,false],"trp-custom-language-flag":["https:\/\/velo.md\/wp-content\/uploads\/2022\/10\/166_841x1024.jpg",10,12,false],"xl":["https:\/\/velo.md\/wp-content\/uploads\/2022\/10\/166_841x1024.jpg",841,1024,false],"xxl":["https:\/\/velo.md\/wp-content\/uploads\/2022\/10\/166_841x1024.jpg",841,1024,false],"xxxl":["https:\/\/velo.md\/wp-content\/uploads\/2022\/10\/166_841x1024.jpg",841,1024,false],"xxxxl":["https:\/\/velo.md\/wp-content\/uploads\/2022\/10\/166_841x1024.jpg",841,1024,false],"xxxxxl":["https:\/\/velo.md\/wp-content\/uploads\/2022\/10\/166_841x1024.jpg",841,1024,false],"woocommerce_thumbnail":["https:\/\/velo.md\/wp-content\/uploads\/2022\/10\/166_841x1024-300x222.jpg",300,222,true],"woocommerce_single":["https:\/\/velo.md\/wp-content\/uploads\/2022\/10\/166_841x1024-600x731.jpg",600,731,true],"woocommerce_gallery_thumbnail":["https:\/\/velo.md\/wp-content\/uploads\/2022\/10\/166_841x1024-100x100.jpg",100,100,true],"variation_swatches_image_size":["https:\/\/velo.md\/wp-content\/uploads\/2022\/10\/166_841x1024-50x50.jpg",50,50,true],"variation_swatches_tooltip_size":["https:\/\/velo.md\/wp-content\/uploads\/2022\/10\/166_841x1024-100x100.jpg",100,100,true]},"uagb_author_info":{"display_name":"admin","author_link":"https:\/\/velo.md\/ro\/author\/"},"uagb_comment_info":5,"uagb_excerpt":"\u042d\u0442\u0430 \u043d\u0430\u043a\u043b\u0430\u0434\u043a\u0430 \u043f\u043e\u0434\u0445\u043e\u0434\u0438\u0442 \u0434\u043b\u044f \u0432\u0441\u0435\u0445 \u0442\u0438\u043f\u043e\u0432 \u043e\u0434\u0435\u0436\u0434\u044b. \u0411\u043b\u0430\u0433\u043e\u0434\u0430\u0440\u044f \u0441\u0438\u043b\u0438\u043a\u043e\u043d\u0443 \u043e\u043d\u0430 \u043d\u0430\u0434\u0435\u0436\u043d\u043e \u0434\u0435\u0440\u0436\u0438\u0442\u0441\u044f \u043d\u0430 \u043c\u0435\u0441\u0442\u0435: \u0435\u0435 \u043d\u0435 \u043d\u0443\u0436\u043d\u043e \u043f\u0440\u0438\u0448\u0438\u0432\u0430\u0442\u044c. \u0415\u0435 \u043c\u043e\u0436\u043d\u043e \u0441\u0442\u0438\u0440\u0430\u0442\u044c \u0432 \u0441\u0442\u0438\u0440\u0430\u043b\u044c\u043d\u043e\u0439 \u043c\u0430\u0448\u0438\u043d\u0435 \u0438 \u043d\u0430\u0434\u0435\u0432\u0430\u0442\u044c \u043d\u0430 \u043b\u044e\u0431\u0443\u044e \u043e\u0434\u0435\u0436\u0434\u0443 \u043f\u043e \u043c\u0435\u0440\u0435 \u043d\u0435\u043e\u0431\u0445\u043e\u0434\u0438\u043c\u043e\u0441\u0442\u0438. \u0421\u044a\u0435\u043c\u043d\u0443\u044e \u043c\u0443\u0436\u0441\u043a\u0443\u044e \u043d\u0430\u043a\u043b\u0430\u0434\u043a\u0443 \u043c\u043e\u0436\u043d\u043e \u0438\u0441\u043f\u043e\u043b\u044c\u0437\u043e\u0432\u0430\u0442\u044c \u0432 \u043b\u044e\u0431\u043e\u0435 \u0432\u0440\u0435\u043c\u044f \u0433\u043e\u0434\u0430. -20\u00b0&gt;+40\u00b0","_links":{"self":[{"href":"https:\/\/velo.md\/ro\/wp-json\/wp\/v2\/product\/11471","targetHints":{"allow":["GET"]}}],"collection":[{"href":"https:\/\/velo.md\/ro\/wp-json\/wp\/v2\/product"}],"about":[{"href":"https:\/\/velo.md\/ro\/wp-json\/wp\/v2\/types\/product"}],"replies":[{"embeddable":true,"href":"https:\/\/velo.md\/ro\/wp-json\/wp\/v2\/comments?post=11471"}],"wp:featuredmedia":[{"embeddable":true,"href":"https:\/\/velo.md\/ro\/wp-json\/wp\/v2\/media\/11473"}],"wp:attachment":[{"href":"https:\/\/velo.md\/ro\/wp-json\/wp\/v2\/media?parent=11471"}],"wp:term":[{"taxonomy":"product_cat","embeddable":true,"href":"https:\/\/velo.md\/ro\/wp-json\/wp\/v2\/product_cat?post=11471"},{"taxonomy":"product_tag","embeddable":true,"href":"https:\/\/velo.md\/ro\/wp-json\/wp\/v2\/product_tag?post=11471"}],"curies":[{"name":"wp","href":"https:\/\/api.w.org\/{rel}","templated":true}]}}