{"id":11415,"date":"2022-10-18T03:55:52","date_gmt":"2022-10-18T03:55:52","guid":{"rendered":"https:\/\/velo.md\/product\/uncategorized\/golfy-1030\/"},"modified":"2024-12-04T11:53:07","modified_gmt":"2024-12-04T11:53:07","slug":"golfy-1030","status":"publish","type":"product","link":"https:\/\/velo.md\/ro\/products\/equipment\/biotex\/summer\/golfy-1030\/","title":{"rendered":"\u0218osete de compresie"},"content":{"rendered":"<p>Aceste \u0219osete sunt foarte moi \u0219i u\u0219oare. Fibrele hidrofobe din care sunt fabricate nu absorb transpira\u021bia, ci o \u00eendep\u0103rteaz\u0103 chiar \u0219i dup\u0103 ore de utilizare.<\/p>\n<p>Datorit\u0103 diferitelor ac\u021biuni de compresie, at\u00e2t verticale, c\u00e2t \u0219i circulare, \u0219i a efectului lor de constr\u00e2ngere, \u0219osetele cu compresie gradat\u0103 ac\u021bioneaz\u0103 \u00een mod specific asupra circula\u021biei venoase, asigur\u00e2nd o mai bun\u0103 oxigenare a mu\u0219chilor, optimiz\u00e2nd astfel ac\u021biunea lor. Purtarea acestor \u0219osete \u00een timpul activit\u0103\u021bii fizice \u00eembun\u0103t\u0103\u021be\u0219te performan\u021ba muscular\u0103, iar purtarea lor \u00een orele urm\u0103toare accelereaz\u0103 recuperarea fizic\u0103 prin eliminarea treptat\u0103 a oboselii acumulate. Toate aceste caracteristici sunt combinate cu propriet\u0103\u021bile de respirabilitate \u0219i confort ale produselor Biotex.<\/p>","protected":false},"excerpt":{"rendered":"<p>Poate fi purtat \u00een zilele \u00een care temperaturile variaz\u0103 de la -20\u00b0 la +40\u00b0, at\u00e2t \u00een timpul activit\u0103\u021bii fizice, c\u00e2t \u0219i pentru recuperare dup\u0103 un antrenament.<\/p>","protected":false},"featured_media":11417,"comment_status":"closed","ping_status":"closed","template":"","meta":{"_uag_custom_page_level_css":"","site-sidebar-layout":"no-sidebar","site-content-layout":"plain-container","ast-global-header-display":"","ast-main-header-display":"","ast-hfb-above-header-display":"","ast-hfb-below-header-display":"","ast-hfb-mobile-header-display":"","site-post-title":"","ast-breadcrumbs-content":"","ast-featured-img":"","footer-sml-layout":"","theme-transparent-header-meta":"default","adv-header-id-meta":"","stick-header-meta":"","header-above-stick-meta":"","header-main-stick-meta":"","header-below-stick-meta":""},"product_cat":[1552,1551,502,514],"product_tag":[],"class_list":["post-11415","product","type-product","status-publish","has-post-thumbnail","hentry","product_cat-winter","product_cat-summer","product_cat-equipment","product_cat-biotex","top_cat_502"],"uagb_featured_image_src":{"full":["https:\/\/velo.md\/wp-content\/uploads\/2022\/10\/1030_841x1024.jpg",841,1024,false],"thumbnail":["https:\/\/velo.md\/wp-content\/uploads\/2022\/10\/1030_841x1024-150x150.jpg",150,150,true],"medium":["https:\/\/velo.md\/wp-content\/uploads\/2022\/10\/1030_841x1024-246x300.jpg",246,300,true],"medium_large":["https:\/\/velo.md\/wp-content\/uploads\/2022\/10\/1030_841x1024-768x935.jpg",768,935,true],"large":["https:\/\/velo.md\/wp-content\/uploads\/2022\/10\/1030_841x1024.jpg",841,1024,false],"1536x1536":["https:\/\/velo.md\/wp-content\/uploads\/2022\/10\/1030_841x1024.jpg",841,1024,false],"2048x2048":["https:\/\/velo.md\/wp-content\/uploads\/2022\/10\/1030_841x1024.jpg",841,1024,false],"trp-custom-language-flag":["https:\/\/velo.md\/wp-content\/uploads\/2022\/10\/1030_841x1024.jpg",10,12,false],"xl":["https:\/\/velo.md\/wp-content\/uploads\/2022\/10\/1030_841x1024.jpg",841,1024,false],"xxl":["https:\/\/velo.md\/wp-content\/uploads\/2022\/10\/1030_841x1024.jpg",841,1024,false],"xxxl":["https:\/\/velo.md\/wp-content\/uploads\/2022\/10\/1030_841x1024.jpg",841,1024,false],"xxxxl":["https:\/\/velo.md\/wp-content\/uploads\/2022\/10\/1030_841x1024.jpg",841,1024,false],"xxxxxl":["https:\/\/velo.md\/wp-content\/uploads\/2022\/10\/1030_841x1024.jpg",841,1024,false],"woocommerce_thumbnail":["https:\/\/velo.md\/wp-content\/uploads\/2022\/10\/1030_841x1024-300x222.jpg",300,222,true],"woocommerce_single":["https:\/\/velo.md\/wp-content\/uploads\/2022\/10\/1030_841x1024-600x731.jpg",600,731,true],"woocommerce_gallery_thumbnail":["https:\/\/velo.md\/wp-content\/uploads\/2022\/10\/1030_841x1024-100x100.jpg",100,100,true],"variation_swatches_image_size":["https:\/\/velo.md\/wp-content\/uploads\/2022\/10\/1030_841x1024-50x50.jpg",50,50,true],"variation_swatches_tooltip_size":["https:\/\/velo.md\/wp-content\/uploads\/2022\/10\/1030_841x1024-100x100.jpg",100,100,true]},"uagb_author_info":{"display_name":"admin","author_link":"https:\/\/velo.md\/ro\/author\/"},"uagb_comment_info":4,"uagb_excerpt":"\u041c\u043e\u0436\u043d\u043e \u043d\u043e\u0441\u0438\u0442\u044c \u0432 \u0434\u043d\u0438, \u043a\u043e\u0433\u0434\u0430 \u0442\u0435\u043c\u043f\u0435\u0440\u0430\u0442\u0443\u0440\u0430 \u043d\u0430\u0445\u043e\u0434\u0438\u0442\u0441\u044f \u0432 \u0434\u0438\u0430\u043f\u0430\u0437\u043e\u043d\u0435 \u043e\u0442 -20\u00b0 \u0434\u043e +40\u00b0, \u043a\u0430\u043a \u0432\u043e \u0432\u0440\u0435\u043c\u044f \u0444\u0438\u0437\u0438\u0447\u0435\u0441\u043a\u043e\u0439 \u0430\u043a\u0442\u0438\u0432\u043d\u043e\u0441\u0442\u0438, \u0442\u0430\u043a \u0438 \u0434\u043b\u044f \u0432\u043e\u0441\u0441\u0442\u0430\u043d\u043e\u0432\u043b\u0435\u043d\u0438\u044f \u043f\u043e\u0441\u043b\u0435 \u0442\u0440\u0435\u043d\u0438\u0440\u043e\u0432\u043a\u0438.","_links":{"self":[{"href":"https:\/\/velo.md\/ro\/wp-json\/wp\/v2\/product\/11415","targetHints":{"allow":["GET"]}}],"collection":[{"href":"https:\/\/velo.md\/ro\/wp-json\/wp\/v2\/product"}],"about":[{"href":"https:\/\/velo.md\/ro\/wp-json\/wp\/v2\/types\/product"}],"replies":[{"embeddable":true,"href":"https:\/\/velo.md\/ro\/wp-json\/wp\/v2\/comments?post=11415"}],"wp:featuredmedia":[{"embeddable":true,"href":"https:\/\/velo.md\/ro\/wp-json\/wp\/v2\/media\/11417"}],"wp:attachment":[{"href":"https:\/\/velo.md\/ro\/wp-json\/wp\/v2\/media?parent=11415"}],"wp:term":[{"taxonomy":"product_cat","embeddable":true,"href":"https:\/\/velo.md\/ro\/wp-json\/wp\/v2\/product_cat?post=11415"},{"taxonomy":"product_tag","embeddable":true,"href":"https:\/\/velo.md\/ro\/wp-json\/wp\/v2\/product_tag?post=11415"}],"curies":[{"name":"wp","href":"https:\/\/api.w.org\/{rel}","templated":true}]}}