{"id":11281,"date":"2022-10-18T03:49:51","date_gmt":"2022-10-18T03:49:51","guid":{"rendered":"https:\/\/velo.md\/product\/uncategorized\/ochki-author-indee-pink-neon\/"},"modified":"2025-05-22T16:02:36","modified_gmt":"2025-05-22T16:02:36","slug":"ochki-author-indee-pink-neon","status":"publish","type":"product","link":"https:\/\/velo.md\/ro\/products\/equipment\/glasses\/ochki-author-indee-pink-neon\/","title":{"rendered":"Autor Ochelari de protec\u021bie pentru copii Indee (roz-neon)"},"content":{"rendered":"<div>Caracteristici :<\/div>\n<div>- Lentile de culoare gri deschis din policarbonat incasabil cu suprafa\u021b\u0103 de oglind\u0103 - filtru de categoria 2.<\/div>\n<div>- Au un cadru puternic realizat din PC termoplastic, care este un material de nailon u\u0219or \u0219i durabil, rezistent la atacuri chimice \u0219i la radia\u021biile UV.<\/div>\n<div>- Perne antiderapante - cu c\u00e2t transpiri mai mult, cu at\u00e2t mai bine r\u0103m\u00e2n ochelarii pe nas, pernele din cauciuc hidrofil previn alunecarea.<\/div>\n<div>- Ofer\u0103 protec\u021bia ochilor 100% \u00eempotriva radia\u021biilor UV \u0219i respect\u0103 Regulamentul european (UE) 2016\/425 \u00een conformitate cu EN ISO 12312-1: 2013 \/ A1: 2015.<\/div>\n<div>- Greutate 22g.<\/div>","protected":false},"excerpt":{"rendered":"<p>Ochelarii de soare AUTHOR Indee Junior pentru adolescen\u021bi sunt de cea mai \u00eenalt\u0103 calitate. Proiecta\u021bi pentru durabilitate \u0219i confort. Lentilele speciale din policarbonat cu suprafa\u021b\u0103 de oglind\u0103 ofer\u0103 claritate optic\u0103 la lumina zilei.<\/p>","protected":false},"featured_media":11283,"comment_status":"closed","ping_status":"closed","template":"","meta":{"_uag_custom_page_level_css":"","site-sidebar-layout":"no-sidebar","site-content-layout":"plain-container","ast-global-header-display":"","ast-main-header-display":"","ast-hfb-above-header-display":"","ast-hfb-below-header-display":"","ast-hfb-mobile-header-display":"","site-post-title":"","ast-breadcrumbs-content":"","ast-featured-img":"","footer-sml-layout":"","theme-transparent-header-meta":"default","adv-header-id-meta":"","stick-header-meta":"","header-above-stick-meta":"","header-main-stick-meta":"","header-below-stick-meta":""},"product_cat":[502,510],"product_tag":[],"class_list":["post-11281","product","type-product","status-publish","has-post-thumbnail","hentry","product_cat-equipment","product_cat-glasses","top_cat_502"],"uagb_featured_image_src":{"full":["https:\/\/velo.md\/wp-content\/uploads\/2022\/10\/09201311_1024x768.jpg",1024,768,false],"thumbnail":["https:\/\/velo.md\/wp-content\/uploads\/2022\/10\/09201311_1024x768-150x150.jpg",150,150,true],"medium":["https:\/\/velo.md\/wp-content\/uploads\/2022\/10\/09201311_1024x768-300x225.jpg",300,225,true],"medium_large":["https:\/\/velo.md\/wp-content\/uploads\/2022\/10\/09201311_1024x768-768x576.jpg",768,576,true],"large":["https:\/\/velo.md\/wp-content\/uploads\/2022\/10\/09201311_1024x768.jpg",1024,768,false],"1536x1536":["https:\/\/velo.md\/wp-content\/uploads\/2022\/10\/09201311_1024x768.jpg",1024,768,false],"2048x2048":["https:\/\/velo.md\/wp-content\/uploads\/2022\/10\/09201311_1024x768.jpg",1024,768,false],"trp-custom-language-flag":["https:\/\/velo.md\/wp-content\/uploads\/2022\/10\/09201311_1024x768.jpg",16,12,false],"xl":["https:\/\/velo.md\/wp-content\/uploads\/2022\/10\/09201311_1024x768.jpg",1024,768,false],"xxl":["https:\/\/velo.md\/wp-content\/uploads\/2022\/10\/09201311_1024x768.jpg",1024,768,false],"xxxl":["https:\/\/velo.md\/wp-content\/uploads\/2022\/10\/09201311_1024x768.jpg",1024,768,false],"xxxxl":["https:\/\/velo.md\/wp-content\/uploads\/2022\/10\/09201311_1024x768.jpg",1024,768,false],"xxxxxl":["https:\/\/velo.md\/wp-content\/uploads\/2022\/10\/09201311_1024x768.jpg",1024,768,false],"woocommerce_thumbnail":["https:\/\/velo.md\/wp-content\/uploads\/2022\/10\/09201311_1024x768-300x222.jpg",300,222,true],"woocommerce_single":["https:\/\/velo.md\/wp-content\/uploads\/2022\/10\/09201311_1024x768-600x450.jpg",600,450,true],"woocommerce_gallery_thumbnail":["https:\/\/velo.md\/wp-content\/uploads\/2022\/10\/09201311_1024x768-100x100.jpg",100,100,true],"variation_swatches_image_size":["https:\/\/velo.md\/wp-content\/uploads\/2022\/10\/09201311_1024x768-50x50.jpg",50,50,true],"variation_swatches_tooltip_size":["https:\/\/velo.md\/wp-content\/uploads\/2022\/10\/09201311_1024x768-100x100.jpg",100,100,true]},"uagb_author_info":{"display_name":"admin","author_link":"https:\/\/velo.md\/ro\/author\/"},"uagb_comment_info":2,"uagb_excerpt":"\u0421\u043e\u043b\u043d\u0446\u0435\u0437\u0430\u0449\u0438\u0442\u043d\u044b\u0435 \u043e\u0447\u043a\u0438 AUTHOR Indee Junior \u0434\u043b\u044f \u043f\u043e\u0434\u0440\u043e\u0441\u0442\u043a\u043e\u0432 \u043e\u0442\u043b\u0438\u0447\u0430\u044e\u0442\u0441\u044f \u0432\u044b\u0441\u043e\u0447\u0430\u0439\u0448\u0438\u043c \u043a\u0430\u0447\u0435\u0441\u0442\u0432\u043e\u043c. \u0420\u0430\u0437\u0440\u0430\u0431\u043e\u0442\u0430\u043d \u0434\u043b\u044f \u0434\u043e\u043b\u0433\u043e\u0432\u0435\u0447\u043d\u043e\u0441\u0442\u0438 \u0438 \u043a\u043e\u043c\u0444\u043e\u0440\u0442\u0430. \u0421\u043f\u0435\u0446\u0438\u0430\u043b\u044c\u043d\u0430\u044f \u043b\u0438\u043d\u0437\u0430 \u0438\u0437 \u043f\u043e\u043b\u0438\u043a\u0430\u0440\u0431\u043e\u043d\u0430\u0442\u0430 \u0441 \u0437\u0435\u0440\u043a\u0430\u043b\u044c\u043d\u043e\u0439 \u043f\u043e\u0432\u0435\u0440\u0445\u043d\u043e\u0441\u0442\u044c\u044e \u043e\u0431\u0435\u0441\u043f\u0435\u0447\u0438\u0432\u0430\u0435\u0442 \u043e\u043f\u0442\u0438\u0447\u0435\u0441\u043a\u0443\u044e \u0447\u0435\u0442\u043a\u043e\u0441\u0442\u044c \u043f\u0440\u0438 \u0434\u043d\u0435\u0432\u043d\u043e\u043c \u0441\u0432\u0435\u0442\u0435.","_links":{"self":[{"href":"https:\/\/velo.md\/ro\/wp-json\/wp\/v2\/product\/11281","targetHints":{"allow":["GET"]}}],"collection":[{"href":"https:\/\/velo.md\/ro\/wp-json\/wp\/v2\/product"}],"about":[{"href":"https:\/\/velo.md\/ro\/wp-json\/wp\/v2\/types\/product"}],"replies":[{"embeddable":true,"href":"https:\/\/velo.md\/ro\/wp-json\/wp\/v2\/comments?post=11281"}],"wp:featuredmedia":[{"embeddable":true,"href":"https:\/\/velo.md\/ro\/wp-json\/wp\/v2\/media\/11283"}],"wp:attachment":[{"href":"https:\/\/velo.md\/ro\/wp-json\/wp\/v2\/media?parent=11281"}],"wp:term":[{"taxonomy":"product_cat","embeddable":true,"href":"https:\/\/velo.md\/ro\/wp-json\/wp\/v2\/product_cat?post=11281"},{"taxonomy":"product_tag","embeddable":true,"href":"https:\/\/velo.md\/ro\/wp-json\/wp\/v2\/product_tag?post=11281"}],"curies":[{"name":"wp","href":"https:\/\/api.w.org\/{rel}","templated":true}]}}