{"id":10989,"date":"2022-10-18T03:39:30","date_gmt":"2022-10-18T03:39:30","guid":{"rendered":"https:\/\/velo.md\/product\/uncategorized\/perchatki-team\/"},"modified":"2025-05-22T15:20:59","modified_gmt":"2025-05-22T15:20:59","slug":"perchatki-team","status":"publish","type":"product","link":"https:\/\/velo.md\/ro\/products\/equipment\/gloves\/perchatki-team\/","title":{"rendered":"M\u0103nu\u0219i de echip\u0103"},"content":{"rendered":"<p>M\u0103nu\u0219i Author Team, piele marca AMARA folosit\u0103 pe palm\u0103 cu c\u0103ptu\u0219eal\u0103 din neopren \u00een interior pentru o prindere confortabil\u0103 pe ghidon, plas\u0103 3D elastic\u0103 \u0219i terry \u00een partea superioar\u0103, culoare neagr\u0103. Completate cu EasyLoop pentru \u00eendep\u0103rtarea u\u0219oar\u0103 a m\u0103nu\u0219ii de pe m\u00e2n\u0103<\/p>","protected":false},"excerpt":{"rendered":"<p>M\u0103nu\u0219i Author Team, piele marca AMARA folosit\u0103 pe palm\u0103 cu c\u0103ptu\u0219eal\u0103 din neopren \u00een interior pentru o prindere confortabil\u0103 pe ghidon, plas\u0103 3D elastic\u0103 \u0219i terry \u00een partea superioar\u0103, culoare neagr\u0103. Completate cu EasyLoop pentru \u00eendep\u0103rtarea u\u0219oar\u0103 a m\u0103nu\u0219ii de pe m\u00e2n\u0103<\/p>","protected":false},"featured_media":10991,"comment_status":"closed","ping_status":"closed","template":"","meta":{"_uag_custom_page_level_css":"","site-sidebar-layout":"no-sidebar","site-content-layout":"plain-container","ast-global-header-display":"","ast-main-header-display":"","ast-hfb-above-header-display":"","ast-hfb-below-header-display":"","ast-hfb-mobile-header-display":"","site-post-title":"","ast-breadcrumbs-content":"","ast-featured-img":"","footer-sml-layout":"","theme-transparent-header-meta":"default","adv-header-id-meta":"","stick-header-meta":"","header-above-stick-meta":"","header-main-stick-meta":"","header-below-stick-meta":""},"product_cat":[502,506],"product_tag":[],"class_list":["post-10989","product","type-product","status-publish","has-post-thumbnail","hentry","product_cat-equipment","product_cat-gloves","top_cat_502"],"uagb_featured_image_src":{"full":["https:\/\/velo.md\/wp-content\/uploads\/2022\/10\/00568_2.jpg",1024,768,false],"thumbnail":["https:\/\/velo.md\/wp-content\/uploads\/2022\/10\/00568_2-150x150.jpg",150,150,true],"medium":["https:\/\/velo.md\/wp-content\/uploads\/2022\/10\/00568_2-300x225.jpg",300,225,true],"medium_large":["https:\/\/velo.md\/wp-content\/uploads\/2022\/10\/00568_2-768x576.jpg",768,576,true],"large":["https:\/\/velo.md\/wp-content\/uploads\/2022\/10\/00568_2.jpg",1024,768,false],"1536x1536":["https:\/\/velo.md\/wp-content\/uploads\/2022\/10\/00568_2.jpg",1024,768,false],"2048x2048":["https:\/\/velo.md\/wp-content\/uploads\/2022\/10\/00568_2.jpg",1024,768,false],"trp-custom-language-flag":["https:\/\/velo.md\/wp-content\/uploads\/2022\/10\/00568_2.jpg",16,12,false],"xl":["https:\/\/velo.md\/wp-content\/uploads\/2022\/10\/00568_2.jpg",1024,768,false],"xxl":["https:\/\/velo.md\/wp-content\/uploads\/2022\/10\/00568_2.jpg",1024,768,false],"xxxl":["https:\/\/velo.md\/wp-content\/uploads\/2022\/10\/00568_2.jpg",1024,768,false],"xxxxl":["https:\/\/velo.md\/wp-content\/uploads\/2022\/10\/00568_2.jpg",1024,768,false],"xxxxxl":["https:\/\/velo.md\/wp-content\/uploads\/2022\/10\/00568_2.jpg",1024,768,false],"woocommerce_thumbnail":["https:\/\/velo.md\/wp-content\/uploads\/2022\/10\/00568_2-300x222.jpg",300,222,true],"woocommerce_single":["https:\/\/velo.md\/wp-content\/uploads\/2022\/10\/00568_2-600x450.jpg",600,450,true],"woocommerce_gallery_thumbnail":["https:\/\/velo.md\/wp-content\/uploads\/2022\/10\/00568_2-100x100.jpg",100,100,true],"variation_swatches_image_size":["https:\/\/velo.md\/wp-content\/uploads\/2022\/10\/00568_2-50x50.jpg",50,50,true],"variation_swatches_tooltip_size":["https:\/\/velo.md\/wp-content\/uploads\/2022\/10\/00568_2-100x100.jpg",100,100,true]},"uagb_author_info":{"display_name":"admin","author_link":"https:\/\/velo.md\/ro\/author\/"},"uagb_comment_info":4,"uagb_excerpt":"\u043f\u0435\u0440\u0447\u0430\u0442\u043a\u0438 Author Team, \u043d\u0430 \u043b\u0430\u0434\u043e\u043d\u0438 \u0438\u0441\u043f\u043e\u043b\u044c\u0437\u043e\u0432\u0430\u043d\u0430 \u0444\u0438\u0440\u043c\u0435\u043d\u043d\u0430\u044f \u043a\u043e\u0436\u0430 AMARA \u0441 \u043d\u0435\u043e\u043f\u0440\u0435\u043d\u043e\u0432\u043e\u0439 \u043f\u0440\u043e\u043a\u043b\u0430\u0434\u043a\u043e\u0439 \u0432\u043d\u0443\u0442\u0440\u0438 \u0434\u043b\u044f \u043a\u043e\u043c\u0444\u043e\u0440\u0442\u043d\u043e\u0433\u043e \u0437\u0430\u0445\u0432\u0430\u0442\u0430 \u0440\u0443\u043b\u044f, \u0432 \u0432\u0435\u0440\u0445\u043d\u0435\u0439 \u0447\u0430\u0441\u0442\u0438 \u044d\u043b\u0430\u0441\u0442\u0438\u0447\u043d\u0430\u044f 3D \u0441\u0435\u0442\u043a\u0430 \u0438 \u043c\u0430\u0445\u0440, \u0447\u0435\u0440\u043d\u044b\u0439 \u0446\u0432\u0435\u0442. \u0414\u043e\u043f\u043e\u043b\u043d\u0435\u043d EasyLoop \u0434\u043b\u044f \u043b\u0435\u0433\u043a\u043e\u0433\u043e \u0441\u043d\u044f\u0442\u0438\u044f \u043f\u0435\u0440\u0447\u0430\u0442\u043a\u0438 \u0441 \u0440\u0443\u043a\u0438","_links":{"self":[{"href":"https:\/\/velo.md\/ro\/wp-json\/wp\/v2\/product\/10989","targetHints":{"allow":["GET"]}}],"collection":[{"href":"https:\/\/velo.md\/ro\/wp-json\/wp\/v2\/product"}],"about":[{"href":"https:\/\/velo.md\/ro\/wp-json\/wp\/v2\/types\/product"}],"replies":[{"embeddable":true,"href":"https:\/\/velo.md\/ro\/wp-json\/wp\/v2\/comments?post=10989"}],"wp:featuredmedia":[{"embeddable":true,"href":"https:\/\/velo.md\/ro\/wp-json\/wp\/v2\/media\/10991"}],"wp:attachment":[{"href":"https:\/\/velo.md\/ro\/wp-json\/wp\/v2\/media?parent=10989"}],"wp:term":[{"taxonomy":"product_cat","embeddable":true,"href":"https:\/\/velo.md\/ro\/wp-json\/wp\/v2\/product_cat?post=10989"},{"taxonomy":"product_tag","embeddable":true,"href":"https:\/\/velo.md\/ro\/wp-json\/wp\/v2\/product_tag?post=10989"}],"curies":[{"name":"wp","href":"https:\/\/api.w.org\/{rel}","templated":true}]}}