{"id":10059,"date":"2022-10-13T17:36:47","date_gmt":"2022-10-13T17:36:47","guid":{"rendered":"https:\/\/velo.md\/product\/uncategorized\/abrazivnyj-blok-cc-n20-medium\/"},"modified":"2025-07-13T14:51:47","modified_gmt":"2025-07-13T14:51:47","slug":"abrazivnyj-blok-cc-n20-medium","status":"publish","type":"product","link":"https:\/\/velo.md\/ro\/products\/accessories\/lubes-care\/abrazivnyj-blok-cc-n20-medium\/","title":{"rendered":"Bloc abraziv CC N20 mediu"},"content":{"rendered":"<p>Blocul abraziv Cycle Clinic este conceput pentru a cur\u0103\u021ba suprafa\u021ba de fr\u00e2nare a pere\u021bilor jantei \u0219i a rotoarelor de fr\u00e2n\u0103. Cu acest produs pute\u021bi restabili performan\u021bele optime de fr\u00e2nare. Blocul poate fi utilizat pe suprafe\u021be uscate \u0219i umede, cu sau f\u0103r\u0103 ap\u0103 cu s\u0103pun, ca \u0219i \u0219mirghel fin. Pentru a ob\u021bine performan\u021be excelente \u0219i rezultate mai bune, utiliza\u021bi mai \u00eent\u00e2i CC N20, mai grosier, pentru cur\u0103\u021barea de baz\u0103 \u0219i apoi CC N40, mai moale, pentru finisare.<\/p>","protected":false},"excerpt":{"rendered":"<p>\u0410\u0431\u0440\u0430\u0437\u0438\u0432\u043d\u044b\u0439 \u0431\u043b\u043e\u043a Cycle Clinic \u043f\u0440\u0435\u0434\u043d\u0430\u0437\u043d\u0430\u0447\u0435\u043d \u0434\u043b\u044f \u043e\u0447\u0438\u0441\u0442\u043a\u0438 \u0442\u043e\u0440\u043c\u043e\u0437\u043d\u043e\u0439 \u043f\u043e\u0432\u0435\u0440\u0445\u043d\u043e\u0441\u0442\u0438 \u0441\u0442\u0435\u043d\u043e\u043a \u043e\u0431\u043e\u0434\u043e\u0432 \u0438 \u0442\u043e\u0440\u043c\u043e\u0437\u043d\u044b\u0445 \u0440\u043e\u0442\u043e\u0440\u043e\u0432. \u0421 \u043f\u043e\u043c\u043e\u0449\u044c\u044e \u044d\u0442\u043e\u0433\u043e \u043f\u0440\u043e\u0434\u0443\u043a\u0442\u0430 \u0432\u044b \u0441\u043c\u043e\u0436\u0435\u0442\u0435 \u0432\u043e\u0441\u0441\u0442\u0430\u043d\u043e\u0432\u0438\u0442\u044c \u043e\u043f\u0442\u0438\u043c\u0430\u043b\u044c\u043d\u0443\u044e \u044d\u0444\u0444\u0435\u043a\u0442\u0438\u0432\u043d\u043e\u0441\u0442\u044c \u0442\u043e\u0440\u043c\u043e\u0436\u0435\u043d\u0438\u044f. \u0411\u043b\u043e\u043a \u043c\u043e\u0436\u0435\u0442 \u0431\u044b\u0442\u044c \u0438\u0441\u043f\u043e\u043b\u044c\u0437\u043e\u0432\u0430\u043d \u043d\u0430 \u0441\u0443\u0445\u043e\u0439 \u0438 \u0432\u043b\u0430\u0436\u043d\u043e\u0439 \u043f\u043e\u0432\u0435\u0440\u0445\u043d\u043e\u0441\u0442\u0438, \u0441 \u043c\u044b\u043b\u044c\u043d\u043e\u0439 \u0432\u043e\u0434\u043e\u0439 \u0438\u043b\u0438 \u0431\u0435\u0437, \u043a\u0430\u043a \u043c\u0435\u043b\u043a\u0430\u044f \u043d\u0430\u0436\u0434\u0430\u0447\u043d\u0430\u044f \u0431\u0443\u043c\u0430\u0433\u0430. \u0427\u0442\u043e\u0431\u044b \u043f\u043e\u043b\u0443\u0447\u0438\u0442\u044c \u043f\u0440\u0435\u0432\u043e\u0441\u0445\u043e\u0434\u043d\u0443\u044e \u043f\u0440\u043e\u0438\u0437\u0432\u043e\u0434\u0438\u0442\u0435\u043b\u044c\u043d\u043e\u0441\u0442\u044c \u0438 \u043b\u0443\u0447\u0448\u0438\u0439 \u0440\u0435\u0437\u0443\u043b\u044c\u0442\u0430\u0442 \u0438\u0441\u043f\u043e\u043b\u044c\u0437\u0443\u0439\u0442\u0435 \u0441\u043d\u0430\u0447\u0430\u043b\u0430 \u0431\u043e\u043b\u0435\u0435 \u0433\u0440\u0443\u0431\u0443\u044e CC N20 &hellip;<\/p>\n<p class=\"read-more\"> <a class=\"\" href=\"https:\/\/velo.md\/ro\/products\/accessories\/lubes-care\/abrazivnyj-blok-cc-n20-medium\/\"> <span class=\"screen-reader-text\">Bloc abraziv CC N20 mediu<\/span> Cite\u0219te mai mult \"<\/a><\/p>","protected":false},"featured_media":10061,"comment_status":"closed","ping_status":"open","template":"","meta":{"_uag_custom_page_level_css":"","site-sidebar-layout":"no-sidebar","site-content-layout":"plain-container","ast-global-header-display":"","ast-main-header-display":"","ast-hfb-above-header-display":"","ast-hfb-below-header-display":"","ast-hfb-mobile-header-display":"","site-post-title":"","ast-breadcrumbs-content":"","ast-featured-img":"","footer-sml-layout":"","theme-transparent-header-meta":"default","adv-header-id-meta":"","stick-header-meta":"","header-above-stick-meta":"","header-main-stick-meta":"","header-below-stick-meta":""},"product_cat":[496,500],"product_tag":[],"class_list":["post-10059","product","type-product","status-publish","has-post-thumbnail","hentry","product_cat-accessories","product_cat-lubes-care","top_cat_496"],"uagb_featured_image_src":{"full":["https:\/\/velo.md\/wp-content\/uploads\/2022\/10\/10160010_1024x768.jpg",1024,768,false],"thumbnail":["https:\/\/velo.md\/wp-content\/uploads\/2022\/10\/10160010_1024x768-150x150.jpg",150,150,true],"medium":["https:\/\/velo.md\/wp-content\/uploads\/2022\/10\/10160010_1024x768-300x225.jpg",300,225,true],"medium_large":["https:\/\/velo.md\/wp-content\/uploads\/2022\/10\/10160010_1024x768-768x576.jpg",768,576,true],"large":["https:\/\/velo.md\/wp-content\/uploads\/2022\/10\/10160010_1024x768.jpg",1024,768,false],"1536x1536":["https:\/\/velo.md\/wp-content\/uploads\/2022\/10\/10160010_1024x768.jpg",1024,768,false],"2048x2048":["https:\/\/velo.md\/wp-content\/uploads\/2022\/10\/10160010_1024x768.jpg",1024,768,false],"trp-custom-language-flag":["https:\/\/velo.md\/wp-content\/uploads\/2022\/10\/10160010_1024x768.jpg",16,12,false],"xl":["https:\/\/velo.md\/wp-content\/uploads\/2022\/10\/10160010_1024x768.jpg",1024,768,false],"xxl":["https:\/\/velo.md\/wp-content\/uploads\/2022\/10\/10160010_1024x768.jpg",1024,768,false],"xxxl":["https:\/\/velo.md\/wp-content\/uploads\/2022\/10\/10160010_1024x768.jpg",1024,768,false],"xxxxl":["https:\/\/velo.md\/wp-content\/uploads\/2022\/10\/10160010_1024x768.jpg",1024,768,false],"xxxxxl":["https:\/\/velo.md\/wp-content\/uploads\/2022\/10\/10160010_1024x768.jpg",1024,768,false],"woocommerce_thumbnail":["https:\/\/velo.md\/wp-content\/uploads\/2022\/10\/10160010_1024x768-300x222.jpg",300,222,true],"woocommerce_single":["https:\/\/velo.md\/wp-content\/uploads\/2022\/10\/10160010_1024x768-600x450.jpg",600,450,true],"woocommerce_gallery_thumbnail":["https:\/\/velo.md\/wp-content\/uploads\/2022\/10\/10160010_1024x768-100x100.jpg",100,100,true],"variation_swatches_image_size":["https:\/\/velo.md\/wp-content\/uploads\/2022\/10\/10160010_1024x768-50x50.jpg",50,50,true],"variation_swatches_tooltip_size":["https:\/\/velo.md\/wp-content\/uploads\/2022\/10\/10160010_1024x768-100x100.jpg",100,100,true]},"uagb_author_info":{"display_name":"admin","author_link":"https:\/\/velo.md\/ro\/author\/"},"uagb_comment_info":4,"uagb_excerpt":"\u0410\u0431\u0440\u0430\u0437\u0438\u0432\u043d\u044b\u0439 \u0431\u043b\u043e\u043a Cycle Clinic \u043f\u0440\u0435\u0434\u043d\u0430\u0437\u043d\u0430\u0447\u0435\u043d \u0434\u043b\u044f \u043e\u0447\u0438\u0441\u0442\u043a\u0438 \u0442\u043e\u0440\u043c\u043e\u0437\u043d\u043e\u0439 \u043f\u043e\u0432\u0435\u0440\u0445\u043d\u043e\u0441\u0442\u0438 \u0441\u0442\u0435\u043d\u043e\u043a \u043e\u0431\u043e\u0434\u043e\u0432 \u0438 \u0442\u043e\u0440\u043c\u043e\u0437\u043d\u044b\u0445 \u0440\u043e\u0442\u043e\u0440\u043e\u0432. \u0421 \u043f\u043e\u043c\u043e\u0449\u044c\u044e \u044d\u0442\u043e\u0433\u043e \u043f\u0440\u043e\u0434\u0443\u043a\u0442\u0430 \u0432\u044b \u0441\u043c\u043e\u0436\u0435\u0442\u0435 \u0432\u043e\u0441\u0441\u0442\u0430\u043d\u043e\u0432\u0438\u0442\u044c \u043e\u043f\u0442\u0438\u043c\u0430\u043b\u044c\u043d\u0443\u044e \u044d\u0444\u0444\u0435\u043a\u0442\u0438\u0432\u043d\u043e\u0441\u0442\u044c \u0442\u043e\u0440\u043c\u043e\u0436\u0435\u043d\u0438\u044f. \u0411\u043b\u043e\u043a \u043c\u043e\u0436\u0435\u0442 \u0431\u044b\u0442\u044c \u0438\u0441\u043f\u043e\u043b\u044c\u0437\u043e\u0432\u0430\u043d \u043d\u0430 \u0441\u0443\u0445\u043e\u0439 \u0438 \u0432\u043b\u0430\u0436\u043d\u043e\u0439 \u043f\u043e\u0432\u0435\u0440\u0445\u043d\u043e\u0441\u0442\u0438, \u0441 \u043c\u044b\u043b\u044c\u043d\u043e\u0439 \u0432\u043e\u0434\u043e\u0439 \u0438\u043b\u0438 \u0431\u0435\u0437, \u043a\u0430\u043a \u043c\u0435\u043b\u043a\u0430\u044f \u043d\u0430\u0436\u0434\u0430\u0447\u043d\u0430\u044f \u0431\u0443\u043c\u0430\u0433\u0430. \u0427\u0442\u043e\u0431\u044b \u043f\u043e\u043b\u0443\u0447\u0438\u0442\u044c \u043f\u0440\u0435\u0432\u043e\u0441\u0445\u043e\u0434\u043d\u0443\u044e \u043f\u0440\u043e\u0438\u0437\u0432\u043e\u0434\u0438\u0442\u0435\u043b\u044c\u043d\u043e\u0441\u0442\u044c \u0438 \u043b\u0443\u0447\u0448\u0438\u0439 \u0440\u0435\u0437\u0443\u043b\u044c\u0442\u0430\u0442 \u0438\u0441\u043f\u043e\u043b\u044c\u0437\u0443\u0439\u0442\u0435 \u0441\u043d\u0430\u0447\u0430\u043b\u0430 \u0431\u043e\u043b\u0435\u0435 \u0433\u0440\u0443\u0431\u0443\u044e CC N20&hellip;","_links":{"self":[{"href":"https:\/\/velo.md\/ro\/wp-json\/wp\/v2\/product\/10059","targetHints":{"allow":["GET"]}}],"collection":[{"href":"https:\/\/velo.md\/ro\/wp-json\/wp\/v2\/product"}],"about":[{"href":"https:\/\/velo.md\/ro\/wp-json\/wp\/v2\/types\/product"}],"replies":[{"embeddable":true,"href":"https:\/\/velo.md\/ro\/wp-json\/wp\/v2\/comments?post=10059"}],"wp:featuredmedia":[{"embeddable":true,"href":"https:\/\/velo.md\/ro\/wp-json\/wp\/v2\/media\/10061"}],"wp:attachment":[{"href":"https:\/\/velo.md\/ro\/wp-json\/wp\/v2\/media?parent=10059"}],"wp:term":[{"taxonomy":"product_cat","embeddable":true,"href":"https:\/\/velo.md\/ro\/wp-json\/wp\/v2\/product_cat?post=10059"},{"taxonomy":"product_tag","embeddable":true,"href":"https:\/\/velo.md\/ro\/wp-json\/wp\/v2\/product_tag?post=10059"}],"curies":[{"name":"wp","href":"https:\/\/api.w.org\/{rel}","templated":true}]}}