{"id":10047,"date":"2022-10-13T17:36:47","date_gmt":"2022-10-13T17:36:47","guid":{"rendered":"https:\/\/velo.md\/product\/uncategorized\/velosipednoe-maslo-dlya-czepi-m-wave\/"},"modified":"2025-07-13T14:51:47","modified_gmt":"2025-07-13T14:51:47","slug":"velosipednoe-maslo-dlya-czepi-m-wave","status":"publish","type":"product","link":"https:\/\/velo.md\/ro\/products\/accessories\/lubes-care\/velosipednoe-maslo-dlya-czepi-m-wave\/","title":{"rendered":"Ulei pentru lan\u021b de biciclet\u0103 M-Wave"},"content":{"rendered":"<p>protec\u021bie bun\u0103 \u00eempotriva uzurii \u0219i coroziunii<br \/> aderen\u021b\u0103 foarte bun\u0103 pentru utilizare \u00een condi\u021bii de umiditate \u0219i de usc\u0103ciune<br \/> Unsoare bicomponent\u0103 pentru lan\u021buri pe baz\u0103 de unsoare<br \/> concepute ini\u021bial pentru a fi utilizate pe motociclete de mare vitez\u0103<br \/> durata de lubrifiere indiferent de condi\u021bii: p\u00e2n\u0103 la 300 km<br \/> 50ml.<\/p>","protected":false},"excerpt":{"rendered":"<p>protec\u021bie bun\u0103 \u00eempotriva uzurii \u0219i coroziunii aderen\u021b\u0103 foarte bun\u0103 pentru utilizare \u00een condi\u021bii umede \u0219i uscate unsoare cu 2 componente pentru lan\u021buri pe o baz\u0103 de unsoare dezvoltat\u0103 ini\u021bial pentru utilizarea pe bicicletele de vitez\u0103 durat\u0103 lung\u0103 de lubrifiere indiferent de condi\u021bii: p\u00e2n\u0103 la 300 km 50ml<\/p>","protected":false},"featured_media":10049,"comment_status":"closed","ping_status":"open","template":"","meta":{"_uag_custom_page_level_css":"","site-sidebar-layout":"no-sidebar","site-content-layout":"plain-container","ast-global-header-display":"","ast-main-header-display":"","ast-hfb-above-header-display":"","ast-hfb-below-header-display":"","ast-hfb-mobile-header-display":"","site-post-title":"","ast-breadcrumbs-content":"","ast-featured-img":"","footer-sml-layout":"","theme-transparent-header-meta":"default","adv-header-id-meta":"","stick-header-meta":"","header-above-stick-meta":"","header-main-stick-meta":"","header-below-stick-meta":""},"product_cat":[496,500],"product_tag":[],"class_list":["post-10047","product","type-product","status-publish","has-post-thumbnail","hentry","product_cat-accessories","product_cat-lubes-care","top_cat_496"],"uagb_featured_image_src":{"full":["https:\/\/velo.md\/wp-content\/uploads\/2022\/10\/880765_1024x1024.jpg",1024,1024,false],"thumbnail":["https:\/\/velo.md\/wp-content\/uploads\/2022\/10\/880765_1024x1024-150x150.jpg",150,150,true],"medium":["https:\/\/velo.md\/wp-content\/uploads\/2022\/10\/880765_1024x1024-300x300.jpg",300,300,true],"medium_large":["https:\/\/velo.md\/wp-content\/uploads\/2022\/10\/880765_1024x1024-768x768.jpg",768,768,true],"large":["https:\/\/velo.md\/wp-content\/uploads\/2022\/10\/880765_1024x1024.jpg",1024,1024,false],"1536x1536":["https:\/\/velo.md\/wp-content\/uploads\/2022\/10\/880765_1024x1024.jpg",1024,1024,false],"2048x2048":["https:\/\/velo.md\/wp-content\/uploads\/2022\/10\/880765_1024x1024.jpg",1024,1024,false],"trp-custom-language-flag":["https:\/\/velo.md\/wp-content\/uploads\/2022\/10\/880765_1024x1024.jpg",12,12,false],"xl":["https:\/\/velo.md\/wp-content\/uploads\/2022\/10\/880765_1024x1024.jpg",1024,1024,false],"xxl":["https:\/\/velo.md\/wp-content\/uploads\/2022\/10\/880765_1024x1024.jpg",1024,1024,false],"xxxl":["https:\/\/velo.md\/wp-content\/uploads\/2022\/10\/880765_1024x1024.jpg",1024,1024,false],"xxxxl":["https:\/\/velo.md\/wp-content\/uploads\/2022\/10\/880765_1024x1024.jpg",1024,1024,false],"xxxxxl":["https:\/\/velo.md\/wp-content\/uploads\/2022\/10\/880765_1024x1024.jpg",1024,1024,false],"woocommerce_thumbnail":["https:\/\/velo.md\/wp-content\/uploads\/2022\/10\/880765_1024x1024-300x222.jpg",300,222,true],"woocommerce_single":["https:\/\/velo.md\/wp-content\/uploads\/2022\/10\/880765_1024x1024-600x600.jpg",600,600,true],"woocommerce_gallery_thumbnail":["https:\/\/velo.md\/wp-content\/uploads\/2022\/10\/880765_1024x1024-100x100.jpg",100,100,true],"variation_swatches_image_size":["https:\/\/velo.md\/wp-content\/uploads\/2022\/10\/880765_1024x1024-50x50.jpg",50,50,true],"variation_swatches_tooltip_size":["https:\/\/velo.md\/wp-content\/uploads\/2022\/10\/880765_1024x1024-100x100.jpg",100,100,true]},"uagb_author_info":{"display_name":"admin","author_link":"https:\/\/velo.md\/ro\/author\/"},"uagb_comment_info":4,"uagb_excerpt":"\u0445\u043e\u0440\u043e\u0448\u0430\u044f \u0437\u0430\u0449\u0438\u0442\u0430 \u043e\u0442 \u0438\u0437\u043d\u043e\u0441\u0430 \u0438 \u043a\u043e\u0440\u0440\u043e\u0437\u0438\u0438 \u043e\u0447\u0435\u043d\u044c \u0445\u043e\u0440\u043e\u0448\u0430\u044f \u0430\u0434\u0433\u0435\u0437\u0438\u044f \u0434\u043b\u044f \u0438\u0441\u043f\u043e\u043b\u044c\u0437\u043e\u0432\u0430\u043d\u0438\u044f \u0432\u043e \u0432\u043b\u0430\u0436\u043d\u044b\u0445 \u0438 \u0441\u0443\u0445\u0438\u0445 \u0443\u0441\u043b\u043e\u0432\u0438\u044f\u0445 2-\u043a\u043e\u043c\u043f\u043e\u043d\u0435\u043d\u0442\u043d\u0430\u044f \u0441\u043c\u0430\u0437\u043a\u0430 \u0434\u043b\u044f \u0446\u0435\u043f\u0435\u0439 \u043d\u0430 \u043a\u043e\u043d\u0441\u0438\u0441\u0442\u0435\u043d\u0442\u043d\u043e\u0439 \u043e\u0441\u043d\u043e\u0432\u0435 \u0438\u0437\u043d\u0430\u0447\u0430\u043b\u044c\u043d\u043e \u0440\u0430\u0437\u0440\u0430\u0431\u043e\u0442\u0430\u043d \u0434\u043b\u044f \u0438\u0441\u043f\u043e\u043b\u044c\u0437\u043e\u0432\u0430\u043d\u0438\u044f \u043d\u0430 \u0441\u043a\u043e\u0440\u043e\u0441\u0442\u043d\u044b\u0445 \u043c\u043e\u0442\u043e\u0446\u0438\u043a\u043b\u0430\u0445 \u0434\u043e\u043b\u0433\u043e\u0432\u0435\u0447\u043d\u043e\u0441\u0442\u044c \u0441\u043c\u0430\u0437\u043a\u0438 \u0432\u043d\u0435 \u0437\u0430\u0432\u0438\u0441\u0438\u043c\u043e\u0441\u0442\u0438 \u043e\u0442 \u0443\u0441\u043b\u043e\u0432\u0438\u0439: \u0434\u043e 300 \u043a\u043c 50ml.","_links":{"self":[{"href":"https:\/\/velo.md\/ro\/wp-json\/wp\/v2\/product\/10047","targetHints":{"allow":["GET"]}}],"collection":[{"href":"https:\/\/velo.md\/ro\/wp-json\/wp\/v2\/product"}],"about":[{"href":"https:\/\/velo.md\/ro\/wp-json\/wp\/v2\/types\/product"}],"replies":[{"embeddable":true,"href":"https:\/\/velo.md\/ro\/wp-json\/wp\/v2\/comments?post=10047"}],"wp:featuredmedia":[{"embeddable":true,"href":"https:\/\/velo.md\/ro\/wp-json\/wp\/v2\/media\/10049"}],"wp:attachment":[{"href":"https:\/\/velo.md\/ro\/wp-json\/wp\/v2\/media?parent=10047"}],"wp:term":[{"taxonomy":"product_cat","embeddable":true,"href":"https:\/\/velo.md\/ro\/wp-json\/wp\/v2\/product_cat?post=10047"},{"taxonomy":"product_tag","embeddable":true,"href":"https:\/\/velo.md\/ro\/wp-json\/wp\/v2\/product_tag?post=10047"}],"curies":[{"name":"wp","href":"https:\/\/api.w.org\/{rel}","templated":true}]}}