{"id":6752,"date":"2022-10-02T23:37:52","date_gmt":"2022-10-02T23:37:52","guid":{"rendered":"https:\/\/velo.md\/?page_id=6752"},"modified":"2025-09-04T11:31:56","modified_gmt":"2025-09-04T11:31:56","slug":"shipping","status":"publish","type":"page","link":"https:\/\/velo.md\/ro\/shipping\/","title":{"rendered":"Plata \u0219i livrarea"},"content":{"rendered":"<h3 class=\"wp-block-heading\">Plata<\/h3>\n\n\n\n<p>Select\u00e2nd un produs pe site, vi se va oferi o list\u0103 de modele care corespund cerin\u021belor dumneavoastr\u0103, cu pre\u021bul. Toate produsele au descrieri \u0219i imagini detaliate.<br>Pute\u021bi plasa o comand\u0103 prin intermediul site-ului, ad\u0103ug\u00e2nd bunurile \u00een co\u0219ul de cump\u0103r\u0103turi sau pute\u021bi cump\u0103ra bunurile necesare direct \u00een magazinul nostru de la adresa: str. 30\/1 Zelinski, Chi\u0219in\u0103u.<br>Dac\u0103 ave\u021bi \u00eentreb\u0103ri despre acest sau acel model sau despre plasarea unei comenzi, ne pute\u021bi suna la 022-88-55-55-55 sau +37369043203 (Viber, Telegram, WhatsApp).<\/p>\n\n\n\n<p>Firma \"Paralax SRL\" , operator al magazinului online www.velo.md , accept\u0103 plata \u00een urm\u0103toarele modalit\u0103\u021bi:<\/p>\n\n\n\n<ul class=\"wp-block-list\">\n<li>plat\u0103 \u00een numerar<\/li>\n\n\n\n<li>transfer bancar<\/li>\n\n\n\n<li>carduri bancare<\/li>\n<\/ul>\n\n\n\n<p>\u0422\u0430\u043a\u0436\u0435 \u0432\u043e\u0437\u043c\u043e\u0436\u043d\u0430 \u043f\u043e\u043a\u0443\u043f\u043a\u0430 \u0442\u043e\u0432\u0430\u0440\u0430 \u0432 \u043a\u0440\u0435\u0434\u0438\u0442 c Iute Credit \u0438 \u0441 \u043f\u043e\u043c\u043e\u0449\u044c\u044e \u0431\u0435\u0441\u043f\u0440\u043e\u0446\u0435\u043d\u0442\u043d\u043e\u0439 \u0440\u0430\u0441\u0441\u0440\u043e\u0447\u043a\u0438 (Liber Card \u0438 Virtula)<br>Procesarea creditelor are loc direct \u00een magazinul nostru<\/p>\n\n\n\n<ol class=\"wp-block-list\">\n<li>Rate f\u0103r\u0103 dob\u00e2nd\u0103 timp de 3 luni cu Libercard de la MAIB (<a href=\"https:\/\/libercard.md\/\" target=\"_blank\" rel=\"noreferrer noopener\">https:\/\/libercard.md\/<\/a>)<\/li>\n\n\n\n<li>Plata bunurilor \u00een 3 tran\u0219e cu Virtula (<a href=\"https:\/\/virtula.md\/\" target=\"_blank\" rel=\"noreferrer noopener\">https:\/\/virtula.md\/<\/a>)<br>Alege\u021bi un produs \u0219i aplica\u021bi on-line <a href=\"https:\/\/virtula.md\/ru\/provider\/author\" target=\"_blank\" rel=\"noreferrer noopener\">https:\/\/virtula.md\/ru\/provider\/author<\/a><br>sau de pe un telefon mobil<\/li>\n<\/ol>\n\n\n\n<figure class=\"wp-block-image size-full\"><a href=\"https:\/\/velo.md\/wp-content\/uploads\/2023\/07\/chrome_rty3ahvjpe.png\" data-rel=\"lightbox-image-0\" data-magnific_type=\"image\" data-rl_title=\"\" data-rl_caption=\"\" title=\"\"><img loading=\"lazy\" decoding=\"async\" width=\"135\" height=\"135\" src=\"https:\/\/velo.md\/wp-content\/uploads\/2023\/07\/chrome_rty3ahvjpe.png\" alt=\"\" class=\"wp-image-14243\" srcset=\"https:\/\/velo.md\/wp-content\/uploads\/2023\/07\/chrome_rty3ahvjpe.png 135w, https:\/\/velo.md\/wp-content\/uploads\/2023\/07\/chrome_rty3ahvjpe-12x12.png 12w, https:\/\/velo.md\/wp-content\/uploads\/2023\/07\/chrome_rty3ahvjpe-100x100.png 100w, https:\/\/velo.md\/wp-content\/uploads\/2023\/07\/chrome_rty3ahvjpe-50x50.png 50w\" sizes=\"auto, (max-width: 135px) 100vw, 135px\" \/><\/a><\/figure>\n\n\n\n<h3 class=\"wp-block-heading\" id=\"Chisinau\">Livrarea m\u0103rfurilor \u00een Chi\u0219in\u0103u<\/h3>\n\n\n\n<p>Modalit\u0103\u021bi de plat\u0103.<\/p>\n\n\n\n<ol class=\"wp-block-list\">\n<li>Plata m\u0103rfurilor \u00een numerar la curier.<\/li>\n\n\n\n<li>Plata produselor online prin sistemul de plat\u0103 RunPay (card bancar, RunPay Wallet).  <\/li>\n\n\n\n<li>La terminalele RunPay din \u00eentreaga \u021bar\u0103.\n<ul class=\"wp-block-list\">\n<li><\/li>\n<\/ul>\n<\/li>\n<\/ol>\n\n\n\n<p>Ad\u0103uga\u021bi produsul care v\u0103 intereseaz\u0103 \u00een co\u0219ul de cump\u0103r\u0103turi, completa\u021bi formularul de \u00eenregistrare, alege\u021bi una dintre metodele de plat\u0103 \u0219i apoi face\u021bi clic pe \"Checkout\".<br>Un manager v\u0103 va contacta la ora specificat\u0103 \u00een momentul comenzii pentru a v\u0103 confirma comanda \u0219i termenul de livrare.<\/p>\n\n\n\n<p>Dac\u0103 pl\u0103ti\u021bi \u00een numerar curierului, ve\u021bi primi bunurile, cardul de garan\u021bie (pentru biciclet\u0103) \u0219i chitan\u021ba.<br>C\u00e2nd pl\u0103ti\u021bi online, primi\u021bi produsul \u0219i cardul de garan\u021bie (pentru biciclet\u0103).<\/p>\n\n\n\n<p>\u00cen cazul \u00een care valoarea comenzii este mai mic\u0103 de 2000 lei, taxa de livrare este de 50 lei.<br>Pentru comenzi de peste 2.000 de lei, livrarea este gratuit\u0103.<\/p>\n\n\n\n<h3 class=\"wp-block-heading\" id=\"Moldova\">Livrarea de m\u0103rfuri \u00een Moldova<\/h3>\n\n\n\n<p>Livrarea \u00een Moldova se face prin serviciul de curierat rapid.<\/p>\n\n\n\n<p>Modalit\u0103\u021bi de plat\u0103.<\/p>\n\n\n\n<ol class=\"wp-block-list\">\n<li>Plata m\u0103rfurilor \u00een numerar la curier.<\/li>\n\n\n\n<li>Plata produselor online prin sistemul de plat\u0103 RunPay (card bancar, RunPay Wallet).<\/li>\n\n\n\n<li>La terminalele RunPay din \u00eentreaga \u021bar\u0103.<\/li>\n<\/ol>\n\n\n\n<p>Ad\u0103uga\u021bi produsul care v\u0103 intereseaz\u0103 \u00een co\u0219ul de cump\u0103r\u0103turi, completa\u021bi formularul de \u00eenregistrare, alege\u021bi una dintre metodele de plat\u0103 \u0219i apoi face\u021bi clic pe \"Checkout\".<br>Un manager v\u0103 va contacta la ora specificat\u0103 \u00een momentul \u00een care a\u021bi plasat comanda pentru a v\u0103 clarifica comanda.<\/p>\n\n\n\n<p>Termenul de livrare este de p\u00e2n\u0103 la 5 zile de la primirea comenzii.<br>Ve\u021bi fi informat telefonic \u00een momentul sosirii bunurilor.<\/p>\n\n\n\n<p>Primi\u021bi bunurile \u0219i cardul de garan\u021bie (pentru biciclet\u0103).<\/p>\n\n\n\n<p>\u00cen cazul \u00een care valoarea comenzii este mai mic\u0103 de 2000 lei, costul de livrare este de 100 lei.<br>Pentru comenzi de peste 2.000 de lei, livrarea este gratuit\u0103.<\/p>","protected":false},"excerpt":{"rendered":"<p>Plata Select\u00e2nd bunurile pe site, vi se va oferi o list\u0103 de modele care corespund cerin\u021belor dumneavoastr\u0103, indic\u00e2nd pre\u021bul. Toate bunurile au o descriere detaliat\u0103 \u0219i o imagine.Pute\u021bi plasa o comand\u0103 prin intermediul site-ului, ad\u0103ug\u00e2nd bunurile \u00een co\u0219 sau pute\u021bi cump\u0103ra bunurile necesare direct \u00een magazinul nostru la adresa: Chi\u0219in\u0103u, str. Zelinski 30\/1.Dac\u0103 ave\u021bi \u00eentreb\u0103ri cu privire la ...<\/p>\n<p class=\"read-more\"> <a class=\"\" href=\"https:\/\/velo.md\/ro\/shipping\/\"> <span class=\"screen-reader-text\">Plata \u0219i livrarea<\/span> Cite\u0219te mai mult \"<\/a><\/p>","protected":false},"author":1,"featured_media":0,"parent":0,"menu_order":6,"comment_status":"closed","ping_status":"closed","template":"","meta":{"_uag_custom_page_level_css":"","site-sidebar-layout":"default","site-content-layout":"default","ast-global-header-display":"","ast-main-header-display":"","ast-hfb-above-header-display":"","ast-hfb-below-header-display":"","ast-hfb-mobile-header-display":"","site-post-title":"","ast-breadcrumbs-content":"","ast-featured-img":"","footer-sml-layout":"","theme-transparent-header-meta":"","adv-header-id-meta":"","stick-header-meta":"","header-above-stick-meta":"","header-main-stick-meta":"","header-below-stick-meta":"","footnotes":""},"class_list":["post-6752","page","type-page","status-publish","hentry","top_cat_"],"uagb_featured_image_src":{"full":false,"thumbnail":false,"medium":false,"medium_large":false,"large":false,"1536x1536":false,"2048x2048":false,"trp-custom-language-flag":false,"xl":false,"xxl":false,"xxxl":false,"xxxxl":false,"xxxxxl":false,"woocommerce_thumbnail":false,"woocommerce_single":false,"woocommerce_gallery_thumbnail":false,"variation_swatches_image_size":false,"variation_swatches_tooltip_size":false},"uagb_author_info":{"display_name":"admin","author_link":"https:\/\/velo.md\/ro\/author\/admin\/"},"uagb_comment_info":0,"uagb_excerpt":"\u041e\u043f\u043b\u0430\u0442\u0430 \u0412\u044b\u0431\u0438\u0440\u0430\u044f \u0442\u043e\u0432\u0430\u0440 \u043d\u0430 \u0441\u0430\u0439\u0442\u0435, \u0432\u0430\u043c \u0431\u0443\u0434\u0435\u0442 \u043f\u0440\u0435\u0434\u043b\u043e\u0436\u0435\u043d \u0441\u043f\u0438\u0441\u043e\u043a \u043c\u043e\u0434\u0435\u043b\u0435\u0439, \u0441\u043e\u043e\u0442\u0432\u0435\u0442\u0441\u0442\u0432\u0443\u044e\u0449\u0438\u0445 \u0412\u0430\u0448\u0438\u043c \u0442\u0440\u0435\u0431\u043e\u0432\u0430\u043d\u0438\u044f\u043c, \u0441 \u0443\u043a\u0430\u0437\u0430\u043d\u0438\u0435\u043c \u0446\u0435\u043d\u044b. \u0412\u0441\u0435 \u0442\u043e\u0432\u0430\u0440\u044b \u0438\u043c\u0435\u044e\u0442 \u043f\u043e\u0434\u0440\u043e\u0431\u043d\u043e\u0435 \u043e\u043f\u0438\u0441\u0430\u043d\u0438\u0435 \u0438 \u0438\u0437\u043e\u0431\u0440\u0430\u0436\u0435\u043d\u0438\u0435.\u0412\u044b \u043c\u043e\u0436\u0435\u0442\u0435 \u043e\u0444\u043e\u0440\u043c\u0438\u0442\u044c \u0437\u0430\u043a\u0430\u0437 \u0447\u0435\u0440\u0435\u0437 \u0441\u0430\u0439\u0442, \u0434\u043e\u0431\u0430\u0432\u0438\u0432 \u0442\u043e\u0432\u0430\u0440 \u0432 \u043a\u043e\u0440\u0437\u0438\u043d\u0443 \u0438\u043b\u0438 \u043f\u0440\u0438\u043e\u0431\u0440\u0435\u0441\u0442\u0438 \u043d\u0435\u043e\u0431\u0445\u043e\u0434\u0438\u043c\u044b\u0439 \u0432\u0430\u043c \u0442\u043e\u0432\u0430\u0440 \u043d\u0435\u043f\u043e\u0441\u0440\u0435\u0434\u0441\u0442\u0432\u0435\u043d\u043d\u043e \u0432 \u043d\u0430\u0448\u0435\u043c \u043c\u0430\u0433\u0430\u0437\u0438\u043d\u0435 \u043f\u043e \u0430\u0434\u0440\u0435\u0441\u0443: \u0433. \u041a\u0438\u0448\u0438\u043d\u0451\u0432, \u0443\u043b. \u0417\u0435\u043b\u0438\u043d\u0441\u043a\u043e\u0433\u043e 30\/1.\u0415\u0441\u043b\u0438 \u0436\u0435 \u0443 \u0412\u0430\u0441 \u0432\u043e\u0437\u043d\u0438\u043a\u043d\u0443\u0442 \u0432\u043e\u043f\u0440\u043e\u0441\u044b \u043e\u0442\u043d\u043e\u0441\u0438\u0442\u0435\u043b\u044c\u043d\u043e \u0442\u043e\u0439&hellip;","_links":{"self":[{"href":"https:\/\/velo.md\/ro\/wp-json\/wp\/v2\/pages\/6752","targetHints":{"allow":["GET"]}}],"collection":[{"href":"https:\/\/velo.md\/ro\/wp-json\/wp\/v2\/pages"}],"about":[{"href":"https:\/\/velo.md\/ro\/wp-json\/wp\/v2\/types\/page"}],"author":[{"embeddable":true,"href":"https:\/\/velo.md\/ro\/wp-json\/wp\/v2\/users\/1"}],"replies":[{"embeddable":true,"href":"https:\/\/velo.md\/ro\/wp-json\/wp\/v2\/comments?post=6752"}],"version-history":[{"count":14,"href":"https:\/\/velo.md\/ro\/wp-json\/wp\/v2\/pages\/6752\/revisions"}],"predecessor-version":[{"id":16878,"href":"https:\/\/velo.md\/ro\/wp-json\/wp\/v2\/pages\/6752\/revisions\/16878"}],"wp:attachment":[{"href":"https:\/\/velo.md\/ro\/wp-json\/wp\/v2\/media?parent=6752"}],"curies":[{"name":"wp","href":"https:\/\/api.w.org\/{rel}","templated":true}]}}