{"id":3612,"date":"2020-09-09T04:31:48","date_gmt":"2020-09-09T04:31:48","guid":{"rendered":"https:\/\/velo.md\/about\/"},"modified":"2023-01-10T12:24:59","modified_gmt":"2023-01-10T12:24:59","slug":"about","status":"publish","type":"page","link":"https:\/\/velo.md\/ro\/despre\/","title":{"rendered":"Despre noi"},"content":{"rendered":"<h1 class=\"has-text-align-center wp-block-heading\" style=\"margin-top:40px;font-size:30px;font-style:normal;font-weight:100\">Despre noi<\/h1>\n\n\n\n<div class=\"inherit-container-width wp-block-group alignfull has-ast-global-color-5-background-color has-background is-layout-constrained wp-block-group-is-layout-constrained\"><div class=\"wp-block-group__inner-container\">\n<div class=\"wp-block-media-text alignwide is-stacked-on-mobile is-vertically-aligned-center is-image-fill\" style=\"grid-template-columns:33% auto\"><figure class=\"wp-block-media-text__media\" style=\"background-image:url(https:\/\/velo.md\/wp-content\/uploads\/2022\/12\/276314166_10159413300978751_1950837182911384767_n.jpg);background-position:52% 53%\"><img loading=\"lazy\" decoding=\"async\" width=\"2048\" height=\"1365\" src=\"https:\/\/velo.md\/wp-content\/uploads\/2022\/12\/276314166_10159413300978751_1950837182911384767_n.jpg\" alt=\"\" class=\"wp-image-12519 size-full\" srcset=\"https:\/\/velo.md\/wp-content\/uploads\/2022\/12\/276314166_10159413300978751_1950837182911384767_n.jpg 2048w, https:\/\/velo.md\/wp-content\/uploads\/2022\/12\/276314166_10159413300978751_1950837182911384767_n-600x400.jpg 600w, https:\/\/velo.md\/wp-content\/uploads\/2022\/12\/276314166_10159413300978751_1950837182911384767_n-300x200.jpg 300w, https:\/\/velo.md\/wp-content\/uploads\/2022\/12\/276314166_10159413300978751_1950837182911384767_n-1024x683.jpg 1024w, https:\/\/velo.md\/wp-content\/uploads\/2022\/12\/276314166_10159413300978751_1950837182911384767_n-768x512.jpg 768w, https:\/\/velo.md\/wp-content\/uploads\/2022\/12\/276314166_10159413300978751_1950837182911384767_n-1536x1024.jpg 1536w, https:\/\/velo.md\/wp-content\/uploads\/2022\/12\/276314166_10159413300978751_1950837182911384767_n-18x12.jpg 18w\" sizes=\"auto, (max-width: 2048px) 100vw, 2048px\" \/><\/figure><div class=\"wp-block-media-text__content\">\n<p>PARALAX SRL a fost \u00eenfiin\u021bat\u0103 \u00een 1995.<\/p>\n\n\n\n<p>Scopul firmei este de a oferi pie\u021bei moldovene\u0219ti produse de calitate.<br>Compania are un centru de biciclete \u00een Chi\u0219in\u0103u, capitala Moldovei. \u00cen anul 2000, compania a deschis Centrul de biciclete AUTHOR din Chi\u0219in\u0103u. Este cel mai bun magazin specializat pentru biciclete \u0219i accesorii din Moldova.<\/p>\n\n\n\n<p>Din 2001, firma este distribuitor oficial \u00een Moldova al bicicletelor \u0219i accesoriilor de la Universe Agency s.r.o. (Republica Ceh\u0103). (Republica Ceh\u0103). \u0218i aceasta este mai mult de 100 de modele de biciclete marca AUTHOR, precum \u0219i o selec\u021bie larg\u0103 de piese de schimb \u0219i accesorii marca AUTHOR, SHIMANO, KENDA, VELO, PROMAX \u0219i al\u021bi produc\u0103tori bine-cunoscu\u021bi.C 2018 firma \"PARALAX\" SRL este dealer autorizat \u00een Moldova biciclete de la compania de renume mondial DAHON (SUA).<\/p>\n\n\n\n<p>Centrul de ciclism AUTHOR are un showroom \u0219i un centru de service care ofer\u0103 servicii \u0219i repara\u021bii \u00een garan\u021bie \u0219i post-garan\u021bie.<\/p>\n\n\n\n<p>Echipa noastr\u0103 de v\u00e2nz\u0103ri v\u0103 va consilia cu privire la orice \u00eentrebare pe care o ave\u021bi \u0219i v\u0103 va ajuta s\u0103 g\u0103si\u021bi modelul potrivit, \u00een timp ce mecanicii no\u0219tri v\u0103 vor oferi asisten\u021b\u0103 tehnic\u0103.<\/p>\n<\/div><\/div>\n<\/div><\/div>\n\n\n\n<p><\/p>\n\n\n\n<h1 class=\"has-text-align-center wp-block-heading\" style=\"font-size:30px;font-style:normal;font-weight:100\">Garan\u021bie<\/h1>\n\n\n\n<div class=\"wp-block-columns alignwide are-vertically-aligned-center is-layout-flex wp-container-core-columns-is-layout-28f84493 wp-block-columns-is-layout-flex\">\n<div class=\"wp-block-column is-layout-constrained wp-block-column-is-layout-constrained\" style=\"flex-basis:15%\">\n<figure class=\"wp-block-image aligncenter\"><img loading=\"lazy\" decoding=\"async\" width=\"147\" height=\"147\" src=\"https:\/\/velo.md\/wp-content\/uploads\/2022\/10\/kisspng-quality.png\" alt=\"\" class=\"wp-image-6757\" srcset=\"https:\/\/velo.md\/wp-content\/uploads\/2022\/10\/kisspng-quality.png 147w, https:\/\/velo.md\/wp-content\/uploads\/2022\/10\/kisspng-quality-100x100.png 100w, https:\/\/velo.md\/wp-content\/uploads\/2022\/10\/kisspng-quality-50x50.png 50w\" sizes=\"auto, (max-width: 147px) 100vw, 147px\" \/><\/figure>\n<\/div>\n\n\n\n<div class=\"wp-block-column is-layout-flow wp-block-column-is-layout-flow\" style=\"flex-basis:80%\">\n<p>Bicicletele achizi\u021bionate \u00een magazinul nostru au o garan\u021bie de 18 luni.<br>De asemenea, trebuie remarcat faptul c\u0103 bicicletele construite manual nu au nicio garan\u021bie. Face\u021bi alegerea corect\u0103!<\/p>\n<\/div>\n<\/div>\n\n\n\n<p><\/p>\n\n\n\n<h1 class=\"has-text-align-center wp-block-heading\" style=\"font-size:30px;font-style:normal;font-weight:100\">Serviciul<\/h1>\n\n\n\n<div class=\"inherit-container-width wp-block-group alignfull has-ast-global-color-5-background-color has-background is-layout-constrained wp-block-group-is-layout-constrained\"><div class=\"wp-block-group__inner-container\">\n<div class=\"wp-block-columns are-vertically-aligned-center is-layout-flex wp-container-core-columns-is-layout-28f84493 wp-block-columns-is-layout-flex\">\n<div class=\"wp-block-column is-vertically-aligned-center is-layout-flow wp-block-column-is-layout-flow\">\n<figure class=\"wp-block-image aligncenter size-full is-style-default\"><a href=\"https:\/\/velo.md\/wp-content\/uploads\/2022\/10\/a103d5c794461db.png\" data-rel=\"lightbox-image-0\" data-magnific_type=\"image\" data-rl_title=\"\" data-rl_caption=\"\" title=\"\"><img loading=\"lazy\" decoding=\"async\" width=\"363\" height=\"266\" src=\"https:\/\/velo.md\/wp-content\/uploads\/2022\/10\/a103d5c794461db.png\" alt=\"\" class=\"wp-image-6758\" srcset=\"https:\/\/velo.md\/wp-content\/uploads\/2022\/10\/a103d5c794461db.png 363w, https:\/\/velo.md\/wp-content\/uploads\/2022\/10\/a103d5c794461db-300x220.png 300w\" sizes=\"auto, (max-width: 363px) 100vw, 363px\" \/><\/a><\/figure>\n<\/div>\n\n\n\n<div class=\"wp-block-column is-vertically-aligned-center is-layout-flow wp-block-column-is-layout-flow\">\n<ul class=\"wp-block-list\">\n<li>Inspectarea bicicletei, identificarea defec\u021biunilor<\/li>\n\n\n\n<li>Repararea \u0219i \u00eentre\u021binerea unei unit\u0103\u021bi individuale<\/li>\n\n\n\n<li>Repararea c\u0103rucioarelor<\/li>\n\n\n\n<li>Repararea lan\u021bului<\/li>\n\n\n\n<li>Alinierea ro\u021bilor<\/li>\n\n\n\n<li>Re-spigmentare<\/li>\n\n\n\n<li>\u00cendep\u0103rtarea pinionului<\/li>\n\n\n\n<li>\u00cenlocuirea accesoriilor<\/li>\n\n\n\n<li>Instalarea accesoriilor<\/li>\n\n\n\n<li>\u00centre\u021binere preventiv\u0103 complet\u0103 \u0219i ajustare<\/li>\n<\/ul>\n<\/div>\n<\/div>\n<\/div><\/div>","protected":false},"excerpt":{"rendered":"<p>\u041e \u043d\u0430\u0441 \u0424\u0438\u0440\u043c\u0430 &#171;PARALAX&#187; SRL \u0431\u044b\u043b\u0430 \u043e\u0441\u043d\u043e\u0432\u0430\u043d\u0430 \u0432 1995 \u0433\u043e\u0434\u0443. \u0426\u0435\u043b\u044c\u044e \u0444\u0438\u0440\u043c\u044b \u044f\u0432\u043b\u044f\u0435\u0442\u0441\u044f \u043e\u0431\u0435\u0441\u043f\u0435\u0447\u0435\u043d\u0438\u0435 \u0440\u044b\u043d\u043a\u0430 \u041c\u043e\u043b\u0434\u043e\u0432\u044b \u043a\u0430\u0447\u0435\u0441\u0442\u0432\u0435\u043d\u043d\u044b\u043c\u0438\u0432\u0435\u043b\u043e\u0441\u0438\u043f\u0435\u0434\u0430\u043c\u0438, \u043a\u043e\u043c\u043f\u043b\u0435\u043a\u0442\u0443\u044e\u0449\u0438\u043c\u0438 \u0438 \u0430\u043a\u0441\u0435\u0441\u0441\u0443\u0430\u0440\u0430\u043c\u0438 \u043f\u043e \u0434\u043e\u0441\u0442\u0443\u043f\u043d\u044b\u043c \u0446\u0435\u043d\u0430\u043c. \u0412 2000 \u0433\u043e\u0434\u0443 \u0444\u0438\u0440\u043c\u0430 \u043e\u0442\u043a\u0440\u044b\u0432\u0430\u0435\u0442 \u0412\u0435\u043b\u043e\u0446\u0435\u043d\u0442\u0440 AUTHOR \u0432 \u041a\u0438\u0448\u0438\u043d\u0435\u0432\u0435. \u042d\u0442\u043e \u043b\u0443\u0447\u0448\u0438\u0439 \u0441\u043f\u0435\u0446\u0438\u0430\u043b\u0438\u0437\u0438\u0440\u043e\u0432\u0430\u043d\u043d\u044b\u0439 \u043c\u0430\u0433\u0430\u0437\u0438\u043d \u043f\u043e \u043f\u0440\u043e\u0434\u0430\u0436\u0435 \u0432\u0435\u043b\u043e\u0441\u0438\u043f\u0435\u0434\u043e\u0432 \u0438 \u0430\u043a\u0441\u0435\u0441\u0441\u0443\u0430\u0440\u043e\u0432 \u0432 \u041c\u043e\u043b\u0434\u043e\u0432\u0435. \u0421 2001 \u0433\u043e\u0434\u0430 \u0444\u0438\u0440\u043c\u0430 \u044f\u0432\u043b\u044f\u0435\u0442\u0441\u044f \u043e\u0444\u0438\u0446\u0438\u0430\u043b\u044c\u043d\u044b\u043c \u0434\u0438\u0441\u0442\u0440\u0438\u0431\u044c\u044e\u0442\u043e\u0440\u043e\u043c \u0432 \u041c\u043e\u043b\u0434\u043e\u0432\u0435 \u0432\u0435\u043b\u043e\u0441\u0438\u043f\u0435\u0434\u043e\u0432 \u0438 \u0430\u043a\u0441\u0435\u0441\u0441\u0443\u0430\u0440\u043e\u0432 &hellip;<\/p>\n<p class=\"read-more\"> <a class=\"\" href=\"https:\/\/velo.md\/ro\/despre\/\"> <span class=\"screen-reader-text\">Despre noi<\/span> Cite\u0219te mai mult \"<\/a><\/p>","protected":false},"author":1,"featured_media":0,"parent":0,"menu_order":11,"comment_status":"closed","ping_status":"closed","template":"","meta":{"_uag_custom_page_level_css":"","site-sidebar-layout":"no-sidebar","site-content-layout":"plain-container","ast-global-header-display":"","ast-main-header-display":"","ast-hfb-above-header-display":"","ast-hfb-below-header-display":"","ast-hfb-mobile-header-display":"","site-post-title":"disabled","ast-breadcrumbs-content":"","ast-featured-img":"disabled","footer-sml-layout":"","theme-transparent-header-meta":"default","adv-header-id-meta":"","stick-header-meta":"","header-above-stick-meta":"","header-main-stick-meta":"","header-below-stick-meta":"","footnotes":""},"class_list":["post-3612","page","type-page","status-publish","hentry","top_cat_"],"uagb_featured_image_src":{"full":false,"thumbnail":false,"medium":false,"medium_large":false,"large":false,"1536x1536":false,"2048x2048":false,"trp-custom-language-flag":false,"xl":false,"xxl":false,"xxxl":false,"xxxxl":false,"xxxxxl":false,"woocommerce_thumbnail":false,"woocommerce_single":false,"woocommerce_gallery_thumbnail":false,"variation_swatches_image_size":false,"variation_swatches_tooltip_size":false},"uagb_author_info":{"display_name":"admin","author_link":"https:\/\/velo.md\/ro\/author\/admin\/"},"uagb_comment_info":0,"uagb_excerpt":"\u041e \u043d\u0430\u0441 \u0424\u0438\u0440\u043c\u0430 &#171;PARALAX&#187; SRL \u0431\u044b\u043b\u0430 \u043e\u0441\u043d\u043e\u0432\u0430\u043d\u0430 \u0432 1995 \u0433\u043e\u0434\u0443. \u0426\u0435\u043b\u044c\u044e \u0444\u0438\u0440\u043c\u044b \u044f\u0432\u043b\u044f\u0435\u0442\u0441\u044f \u043e\u0431\u0435\u0441\u043f\u0435\u0447\u0435\u043d\u0438\u0435 \u0440\u044b\u043d\u043a\u0430 \u041c\u043e\u043b\u0434\u043e\u0432\u044b \u043a\u0430\u0447\u0435\u0441\u0442\u0432\u0435\u043d\u043d\u044b\u043c\u0438\u0432\u0435\u043b\u043e\u0441\u0438\u043f\u0435\u0434\u0430\u043c\u0438, \u043a\u043e\u043c\u043f\u043b\u0435\u043a\u0442\u0443\u044e\u0449\u0438\u043c\u0438 \u0438 \u0430\u043a\u0441\u0435\u0441\u0441\u0443\u0430\u0440\u0430\u043c\u0438 \u043f\u043e \u0434\u043e\u0441\u0442\u0443\u043f\u043d\u044b\u043c \u0446\u0435\u043d\u0430\u043c. \u0412 2000 \u0433\u043e\u0434\u0443 \u0444\u0438\u0440\u043c\u0430 \u043e\u0442\u043a\u0440\u044b\u0432\u0430\u0435\u0442 \u0412\u0435\u043b\u043e\u0446\u0435\u043d\u0442\u0440 AUTHOR \u0432 \u041a\u0438\u0448\u0438\u043d\u0435\u0432\u0435. \u042d\u0442\u043e \u043b\u0443\u0447\u0448\u0438\u0439 \u0441\u043f\u0435\u0446\u0438\u0430\u043b\u0438\u0437\u0438\u0440\u043e\u0432\u0430\u043d\u043d\u044b\u0439 \u043c\u0430\u0433\u0430\u0437\u0438\u043d \u043f\u043e \u043f\u0440\u043e\u0434\u0430\u0436\u0435 \u0432\u0435\u043b\u043e\u0441\u0438\u043f\u0435\u0434\u043e\u0432 \u0438 \u0430\u043a\u0441\u0435\u0441\u0441\u0443\u0430\u0440\u043e\u0432 \u0432 \u041c\u043e\u043b\u0434\u043e\u0432\u0435. \u0421 2001 \u0433\u043e\u0434\u0430 \u0444\u0438\u0440\u043c\u0430 \u044f\u0432\u043b\u044f\u0435\u0442\u0441\u044f \u043e\u0444\u0438\u0446\u0438\u0430\u043b\u044c\u043d\u044b\u043c \u0434\u0438\u0441\u0442\u0440\u0438\u0431\u044c\u044e\u0442\u043e\u0440\u043e\u043c \u0432 \u041c\u043e\u043b\u0434\u043e\u0432\u0435 \u0432\u0435\u043b\u043e\u0441\u0438\u043f\u0435\u0434\u043e\u0432 \u0438 \u0430\u043a\u0441\u0435\u0441\u0441\u0443\u0430\u0440\u043e\u0432&hellip;","_links":{"self":[{"href":"https:\/\/velo.md\/ro\/wp-json\/wp\/v2\/pages\/3612","targetHints":{"allow":["GET"]}}],"collection":[{"href":"https:\/\/velo.md\/ro\/wp-json\/wp\/v2\/pages"}],"about":[{"href":"https:\/\/velo.md\/ro\/wp-json\/wp\/v2\/types\/page"}],"author":[{"embeddable":true,"href":"https:\/\/velo.md\/ro\/wp-json\/wp\/v2\/users\/1"}],"replies":[{"embeddable":true,"href":"https:\/\/velo.md\/ro\/wp-json\/wp\/v2\/comments?post=3612"}],"version-history":[{"count":4,"href":"https:\/\/velo.md\/ro\/wp-json\/wp\/v2\/pages\/3612\/revisions"}],"predecessor-version":[{"id":13344,"href":"https:\/\/velo.md\/ro\/wp-json\/wp\/v2\/pages\/3612\/revisions\/13344"}],"wp:attachment":[{"href":"https:\/\/velo.md\/ro\/wp-json\/wp\/v2\/media?parent=3612"}],"curies":[{"name":"wp","href":"https:\/\/api.w.org\/{rel}","templated":true}]}}