{"id":15615,"date":"2024-08-20T11:24:35","date_gmt":"2024-08-20T11:24:35","guid":{"rendered":"https:\/\/velo.md\/?post_type=product&#038;p=15615"},"modified":"2025-07-13T14:50:55","modified_gmt":"2025-07-13T14:50:55","slug":"fara-armytek-wizard-c2-pro-nichia","status":"publish","type":"product","link":"http:\/\/velo.md\/ro\/products\/accessories\/headlights_armytek\/fara-armytek-wizard-c2-pro-nichia\/","title":{"rendered":"Lamp\u0103 frontal\u0103 Armytek Wizard C2 Pro Nichia Warm"},"content":{"rendered":"<p>Armytek Wizard C2 Pro Nichia este proiectat pentru aplica\u021bii \u00een care diferen\u021bierea culorilor este important\u0103, cum ar fi \u0219edin\u021be foto \u0219i video, construc\u021bii, decora\u021biuni \u0219i a\u0219a mai departe.<\/p>\n<p>Caracteristicile modelului cu diod\u0103 Nichia: diod\u0103 aproape de lumina soarelui cu CRI ridicat &gt;90 \u0219i o temperatur\u0103 de culoare de 4500K pentru cea mai apropiat\u0103 reproducere natural\u0103 a culorilor. CARACTERISTICI WIZARD C2 PRO NICHIA Sistem optic special conceput \u0219i lentil\u0103 TIR: transmite mai mul\u021bi lumeni, asigur\u0103 o raz\u0103 de ac\u021biune mai lung\u0103 cu iluminare larg\u0103 confortabil\u0103.<\/p>\n<p>Sistemul electronic puternic asigur\u0103 un flux luminos impresionant \u0219i o durat\u0103 de func\u021bionare record. Luminozitate constant\u0103 chiar \u0219i la temperaturi sc\u0103zute \u0219i atunci c\u00e2nd bateria nu este complet \u00eenc\u0103rcat\u0103. Afi\u0219aj multicolor al temperaturii, nivelului de \u00eenc\u0103rcare \u0219i st\u0103rii. Fascicol larg confortabil Sistem optic complet actualizat, luneta din o\u021bel \u0219i sticl\u0103 c\u0103lit\u0103 cu un strat de clarificare pentru a proteja lentila TIR. Tehnologia inovatoare permite utilizarea oric\u0103rei baterii Li-Ion 18650 standard cu un curent de desc\u0103rcare de 10A. Protec\u021bie complet\u0103 \u00eempotriva scurtcircuitelor chiar \u0219i \u00een cazul contactului portului magnetic cu obiecte metalice. Protec\u021bie activ\u0103 \u00een timp real \u00eempotriva supra\u00eenc\u0103lzirii peste +58\u00b0C. Protec\u021bie complet\u0103 \u00eempotriva apei, murd\u0103riei \u0219i prafului \u00een conformitate cu standardul IP68 - lanterna continu\u0103 s\u0103 func\u021bioneze chiar \u0219i dup\u0103 imersiune la o ad\u00e2ncime de 10 metri. Rezist\u0103 la c\u0103deri de la o \u00een\u0103l\u021bime de p\u00e2n\u0103 la 10 metri. Port magnetic robust \u0219i rezistent la ap\u0103. Garan\u021bie complet\u0103 de 10 ani. Baterie 18650 Li-Ion (3500 mAh) inclus\u0103.<\/p>","protected":false},"excerpt":{"rendered":"<p>Modelul este echipat cu un LED Nichia 114AR, care ofer\u0103 urm\u0103toarele performan\u021be:<\/p>\n<ul>\n<li>indice ridicat de redare a culorilor (&gt; 90);<\/li>\n<li>temperatura de culoare 4500K;<\/li>\n<li>1600 lumeni ofer\u0103 cea mai apropiat\u0103 afi\u0219are a culorilor naturale ale obiectelor la o distan\u021b\u0103 de 113 metri.<\/li>\n<\/ul>","protected":false},"featured_media":15616,"comment_status":"closed","ping_status":"closed","template":"","meta":{"_uag_custom_page_level_css":"","site-sidebar-layout":"no-sidebar","site-content-layout":"plain-container","ast-global-header-display":"","ast-main-header-display":"","ast-hfb-above-header-display":"","ast-hfb-below-header-display":"","ast-hfb-mobile-header-display":"","site-post-title":"","ast-breadcrumbs-content":"","ast-featured-img":"","footer-sml-layout":"","theme-transparent-header-meta":"default","adv-header-id-meta":"","stick-header-meta":"","header-above-stick-meta":"","header-main-stick-meta":"","header-below-stick-meta":""},"product_cat":[1550,496],"product_tag":[],"class_list":["post-15615","product","type-product","status-publish","has-post-thumbnail","hentry","product_cat-headlights_armytek","product_cat-accessories","top_cat_496"],"uagb_featured_image_src":{"full":["https:\/\/velo.md\/wp-content\/uploads\/2024\/08\/main_wizard-c2-pro-nichia.jpg",550,450,false],"thumbnail":["https:\/\/velo.md\/wp-content\/uploads\/2024\/08\/main_wizard-c2-pro-nichia-150x150.jpg",150,150,true],"medium":["https:\/\/velo.md\/wp-content\/uploads\/2024\/08\/main_wizard-c2-pro-nichia-300x245.jpg",300,245,true],"medium_large":["https:\/\/velo.md\/wp-content\/uploads\/2024\/08\/main_wizard-c2-pro-nichia.jpg",550,450,false],"large":["https:\/\/velo.md\/wp-content\/uploads\/2024\/08\/main_wizard-c2-pro-nichia.jpg",550,450,false],"1536x1536":["https:\/\/velo.md\/wp-content\/uploads\/2024\/08\/main_wizard-c2-pro-nichia.jpg",550,450,false],"2048x2048":["https:\/\/velo.md\/wp-content\/uploads\/2024\/08\/main_wizard-c2-pro-nichia.jpg",550,450,false],"trp-custom-language-flag":["https:\/\/velo.md\/wp-content\/uploads\/2024\/08\/main_wizard-c2-pro-nichia-15x12.jpg",15,12,true],"xl":["https:\/\/velo.md\/wp-content\/uploads\/2024\/08\/main_wizard-c2-pro-nichia.jpg",550,450,false],"xxl":["https:\/\/velo.md\/wp-content\/uploads\/2024\/08\/main_wizard-c2-pro-nichia.jpg",550,450,false],"xxxl":["https:\/\/velo.md\/wp-content\/uploads\/2024\/08\/main_wizard-c2-pro-nichia.jpg",550,450,false],"xxxxl":["https:\/\/velo.md\/wp-content\/uploads\/2024\/08\/main_wizard-c2-pro-nichia.jpg",550,450,false],"xxxxxl":["https:\/\/velo.md\/wp-content\/uploads\/2024\/08\/main_wizard-c2-pro-nichia.jpg",550,450,false],"woocommerce_thumbnail":["https:\/\/velo.md\/wp-content\/uploads\/2024\/08\/main_wizard-c2-pro-nichia-300x222.jpg",300,222,true],"woocommerce_single":["https:\/\/velo.md\/wp-content\/uploads\/2024\/08\/main_wizard-c2-pro-nichia.jpg",550,450,false],"woocommerce_gallery_thumbnail":["https:\/\/velo.md\/wp-content\/uploads\/2024\/08\/main_wizard-c2-pro-nichia-100x100.jpg",100,100,true],"variation_swatches_image_size":["https:\/\/velo.md\/wp-content\/uploads\/2024\/08\/main_wizard-c2-pro-nichia-50x50.jpg",50,50,true],"variation_swatches_tooltip_size":["https:\/\/velo.md\/wp-content\/uploads\/2024\/08\/main_wizard-c2-pro-nichia-100x100.jpg",100,100,true]},"uagb_author_info":{"display_name":"admin","author_link":"http:\/\/velo.md\/ro\/author\/"},"uagb_comment_info":4,"uagb_excerpt":"\u041c\u043e\u0434\u0435\u043b\u044c \u043e\u0441\u043d\u0430\u0449\u0435\u043d\u0430 \u0441\u0432\u0435\u0442\u043e\u0434\u0438\u043e\u0434\u043e\u043c Nichia 114AR, \u043a\u043e\u0442\u043e\u0440\u044b\u0439 \u043e\u0431\u0435\u0441\u043f\u0435\u0447\u0438\u0432\u0430\u0435\u0442 \u0441\u043b\u0435\u0434\u0443\u044e\u0449\u0438\u0435 \u043f\u043e\u043a\u0430\u0437\u0430\u0442\u0435\u043b\u0438: \u0432\u044b\u0441\u043e\u043a\u0438\u0439 \u0438\u043d\u0434\u0435\u043a\u0441 \u0446\u0432\u0435\u0442\u043e\u043f\u0435\u0440\u0435\u0434\u0430\u0447\u0438 (&gt; 90); \u0446\u0432\u0435\u0442\u043e\u0432\u0430\u044f \u0442\u0435\u043c\u043f\u0435\u0440\u0430\u0442\u0443\u0440\u0430 4500K; \u0441\u0432\u0435\u0442\u043e\u0432\u043e\u0439 \u043f\u043e\u0442\u043e\u043a 1600 \u043b\u044e\u043c\u0435\u043d \u043e\u0431\u0435\u0441\u043f\u0435\u0447\u0438\u0432\u0430\u0435\u0442 \u043c\u0430\u043a\u0441\u0438\u043c\u0430\u043b\u044c\u043d\u043e \u043f\u0440\u0438\u0431\u043b\u0438\u0436\u0435\u043d\u043d\u043e\u0435 \u043a \u0435\u0441\u0442\u0435\u0441\u0442\u0432\u0435\u043d\u043d\u043e\u043c\u0443 \u043e\u0442\u043e\u0431\u0440\u0430\u0436\u0435\u043d\u0438\u0435 \u0446\u0432\u0435\u0442\u0430 \u043e\u0431\u044a\u0435\u043a\u0442\u043e\u0432 \u043d\u0430 \u0440\u0430\u0441\u0441\u0442\u043e\u044f\u043d\u0438\u0438 113 \u043c\u0435\u0442\u0440\u043e\u0432.","_links":{"self":[{"href":"http:\/\/velo.md\/ro\/wp-json\/wp\/v2\/product\/15615","targetHints":{"allow":["GET"]}}],"collection":[{"href":"http:\/\/velo.md\/ro\/wp-json\/wp\/v2\/product"}],"about":[{"href":"http:\/\/velo.md\/ro\/wp-json\/wp\/v2\/types\/product"}],"replies":[{"embeddable":true,"href":"http:\/\/velo.md\/ro\/wp-json\/wp\/v2\/comments?post=15615"}],"wp:featuredmedia":[{"embeddable":true,"href":"http:\/\/velo.md\/ro\/wp-json\/wp\/v2\/media\/15616"}],"wp:attachment":[{"href":"http:\/\/velo.md\/ro\/wp-json\/wp\/v2\/media?parent=15615"}],"wp:term":[{"taxonomy":"product_cat","embeddable":true,"href":"http:\/\/velo.md\/ro\/wp-json\/wp\/v2\/product_cat?post=15615"},{"taxonomy":"product_tag","embeddable":true,"href":"http:\/\/velo.md\/ro\/wp-json\/wp\/v2\/product_tag?post=15615"}],"curies":[{"name":"wp","href":"https:\/\/api.w.org\/{rel}","templated":true}]}}