{"id":15602,"date":"2024-08-20T11:19:36","date_gmt":"2024-08-20T11:19:36","guid":{"rendered":"https:\/\/velo.md\/?post_type=product&#038;p=15602"},"modified":"2025-07-13T14:50:55","modified_gmt":"2025-07-13T14:50:55","slug":"fara-armytek-wizard-c2-pro","status":"publish","type":"product","link":"http:\/\/velo.md\/ro\/products\/accessories\/headlights_armytek\/fara-armytek-wizard-c2-pro\/","title":{"rendered":"Lamp\u0103 frontal\u0103 Armytek Wizard C2 Pro White"},"content":{"rendered":"<ul>\n<li>Sistemul electronic puternic ofer\u0103 o putere impresionant\u0103 de 2500 lumeni \u0219i o durat\u0103 record de 200 de zile \u00een modul Firefly.<\/li>\n<li>Indicatorul multicolor al temperaturii ridicate \u0219i al st\u0103rii bateriei, care dureaz\u0103 25 de ani, ajut\u0103 la localizarea lanternei \u00een \u00eentuneric.<\/li>\n<li>Optic\u0103 TIR cu raz\u0103 larg\u0103 confortabil\u0103, protejat\u0103 de zg\u00e2rieturi prin sticl\u0103 c\u0103lit\u0103 cu un strat clarificator.<\/li>\n<li>Tehnologia inovatoare permite utilizarea oric\u0103ror baterii Li-Ion 18650 \u0219i ofer\u0103 protec\u021bie complet\u0103 \u00eempotriva scurtcircuitelor, chiar dac\u0103 portul magnetic intr\u0103 \u00een contact cu obiecte metalice.<\/li>\n<li>Protec\u021bie activ\u0103 \u00een timp real \u00eempotriva supra\u00eenc\u0103lzirii la peste 58\u00b0C \u0219i avertizare de baterie desc\u0103rcat\u0103.<\/li>\n<li>Complet protejat\u0103 \u00eempotriva apei, murd\u0103riei \u0219i prafului - lanterna continu\u0103 s\u0103 func\u021bioneze chiar \u0219i la o ad\u00e2ncime de 10 metri.<\/li>\n<li>Port magnetic robust \u0219i rezistent la ap\u0103.<\/li>\n<li>Garan\u021bie complet\u0103 de 10 ani.<\/li>\n<li>Este inclus\u0103 o baterie 18650 Li-Ion (3500 mAh).<\/li>\n<\/ul>","protected":false},"excerpt":{"rendered":"<div>Modelul are o luminozitate incredibil\u0103 de p\u00e2n\u0103 la 2500 lumeni \u0219i o raz\u0103 de ac\u021biune a luminii de p\u00e2n\u0103 la 131 metri. Se \u00eencarc\u0103 de la orice surs\u0103 de alimentare USB cu ajutorul unui cablu USB magnetic. Un magnet puternic \u00een capacul din spate v\u0103 permite s\u0103 fixa\u021bi lanterna pe orice suprafa\u021b\u0103 metalic\u0103.<\/div>\n<div>Kitul include o band\u0103 confortabil\u0103 pentru cap, o clem\u0103 pentru ata\u0219area la haine sau rucsac \u0219i suportul pentru biciclet\u0103 ABM-01. Wizard C2 Pro este compatibil cu suportul pentru casc\u0103 AHM-02 \u0219i este potrivit pentru lucr\u0103ri de construc\u021bii.<\/div>","protected":false},"featured_media":15603,"comment_status":"closed","ping_status":"closed","template":"","meta":{"_uag_custom_page_level_css":"","site-sidebar-layout":"no-sidebar","site-content-layout":"plain-container","ast-global-header-display":"","ast-main-header-display":"","ast-hfb-above-header-display":"","ast-hfb-below-header-display":"","ast-hfb-mobile-header-display":"","site-post-title":"","ast-breadcrumbs-content":"","ast-featured-img":"","footer-sml-layout":"","theme-transparent-header-meta":"default","adv-header-id-meta":"","stick-header-meta":"","header-above-stick-meta":"","header-main-stick-meta":"","header-below-stick-meta":""},"product_cat":[1550,496],"product_tag":[],"class_list":["post-15602","product","type-product","status-publish","has-post-thumbnail","hentry","product_cat-headlights_armytek","product_cat-accessories","top_cat_496"],"uagb_featured_image_src":{"full":["https:\/\/velo.md\/wp-content\/uploads\/2024\/08\/vertical_white.jpg",550,450,false],"thumbnail":["https:\/\/velo.md\/wp-content\/uploads\/2024\/08\/vertical_white-150x150.jpg",150,150,true],"medium":["https:\/\/velo.md\/wp-content\/uploads\/2024\/08\/vertical_white-300x245.jpg",300,245,true],"medium_large":["https:\/\/velo.md\/wp-content\/uploads\/2024\/08\/vertical_white.jpg",550,450,false],"large":["https:\/\/velo.md\/wp-content\/uploads\/2024\/08\/vertical_white.jpg",550,450,false],"1536x1536":["https:\/\/velo.md\/wp-content\/uploads\/2024\/08\/vertical_white.jpg",550,450,false],"2048x2048":["https:\/\/velo.md\/wp-content\/uploads\/2024\/08\/vertical_white.jpg",550,450,false],"trp-custom-language-flag":["https:\/\/velo.md\/wp-content\/uploads\/2024\/08\/vertical_white-15x12.jpg",15,12,true],"xl":["https:\/\/velo.md\/wp-content\/uploads\/2024\/08\/vertical_white.jpg",550,450,false],"xxl":["https:\/\/velo.md\/wp-content\/uploads\/2024\/08\/vertical_white.jpg",550,450,false],"xxxl":["https:\/\/velo.md\/wp-content\/uploads\/2024\/08\/vertical_white.jpg",550,450,false],"xxxxl":["https:\/\/velo.md\/wp-content\/uploads\/2024\/08\/vertical_white.jpg",550,450,false],"xxxxxl":["https:\/\/velo.md\/wp-content\/uploads\/2024\/08\/vertical_white.jpg",550,450,false],"woocommerce_thumbnail":["https:\/\/velo.md\/wp-content\/uploads\/2024\/08\/vertical_white-300x222.jpg",300,222,true],"woocommerce_single":["https:\/\/velo.md\/wp-content\/uploads\/2024\/08\/vertical_white.jpg",550,450,false],"woocommerce_gallery_thumbnail":["https:\/\/velo.md\/wp-content\/uploads\/2024\/08\/vertical_white-100x100.jpg",100,100,true],"variation_swatches_image_size":["https:\/\/velo.md\/wp-content\/uploads\/2024\/08\/vertical_white-50x50.jpg",50,50,true],"variation_swatches_tooltip_size":["https:\/\/velo.md\/wp-content\/uploads\/2024\/08\/vertical_white-100x100.jpg",100,100,true]},"uagb_author_info":{"display_name":"admin","author_link":"http:\/\/velo.md\/ro\/author\/"},"uagb_comment_info":4,"uagb_excerpt":"\u041c\u043e\u0434\u0435\u043b\u044c \u043e\u0442\u043b\u0438\u0447\u0430\u0435\u0442\u0441\u044f \u043d\u0435\u0432\u0435\u0440\u043e\u044f\u0442\u043d\u043e\u0439 \u044f\u0440\u043a\u043e\u0441\u0442\u044c\u044e \u0434\u043e 2500 \u043b\u044e\u043c\u0435\u043d \u0438 \u0434\u0430\u043b\u044c\u043d\u043e\u0441\u0442\u044c\u044e \u0441\u0432\u0435\u0442\u0430 \u0434\u043e 131 \u043c\u0435\u0442\u0440\u0430. \u0417\u0430\u0440\u044f\u0436\u0430\u0435\u0442\u0441\u044f \u043e\u0442 \u043b\u044e\u0431\u043e\u0433\u043e USB-\u0438\u0441\u0442\u043e\u0447\u043d\u0438\u043a\u0430 \u043f\u0438\u0442\u0430\u043d\u0438\u044f \u0441 \u043f\u043e\u043c\u043e\u0449\u044c\u044e \u043c\u0430\u0433\u043d\u0438\u0442\u043d\u043e\u0433\u043e USB-\u043a\u0430\u0431\u0435\u043b\u044f. \u041c\u043e\u0449\u043d\u044b\u0439 \u043c\u0430\u0433\u043d\u0438\u0442 \u0432 \u0437\u0430\u0434\u043d\u0435\u0439 \u043a\u0440\u044b\u0448\u043a\u0435 \u043f\u043e\u0437\u0432\u043e\u043b\u044f\u0435\u0442 \u0437\u0430\u043a\u0440\u0435\u043f\u0438\u0442\u044c \u0444\u043e\u043d\u0430\u0440\u044c \u043d\u0430 \u043b\u044e\u0431\u043e\u0439 \u043c\u0435\u0442\u0430\u043b\u043b\u0438\u0447\u0435\u0441\u043a\u043e\u0439 \u043f\u043e\u0432\u0435\u0440\u0445\u043d\u043e\u0441\u0442\u0438. \u0412 \u043a\u043e\u043c\u043f\u043b\u0435\u043a\u0442 \u0432\u0445\u043e\u0434\u0438\u0442 \u043a\u043e\u043c\u0444\u043e\u0440\u0442\u043d\u043e\u0435 \u043d\u0430\u043b\u043e\u0431\u043d\u043e\u0435 \u043a\u0440\u0435\u043f\u043b\u0435\u043d\u0438\u0435, \u043a\u043b\u0438\u043f\u0441\u0430 \u0434\u043b\u044f \u0444\u0438\u043a\u0441\u0430\u0446\u0438\u0438 \u043d\u0430 \u043e\u0434\u0435\u0436\u0434\u0435 \u0438\u043b\u0438 \u0440\u044e\u043a\u0437\u0430\u043a\u0435 \u0438 \u0432\u0435\u043b\u043e\u043a\u0440\u0435\u043f\u043b\u0435\u043d\u0438\u0435 ABM-01. Wizard C2 Pro \u0441\u043e\u0432\u043c\u0435\u0441\u0442\u0438\u043c \u0441&hellip;","_links":{"self":[{"href":"http:\/\/velo.md\/ro\/wp-json\/wp\/v2\/product\/15602","targetHints":{"allow":["GET"]}}],"collection":[{"href":"http:\/\/velo.md\/ro\/wp-json\/wp\/v2\/product"}],"about":[{"href":"http:\/\/velo.md\/ro\/wp-json\/wp\/v2\/types\/product"}],"replies":[{"embeddable":true,"href":"http:\/\/velo.md\/ro\/wp-json\/wp\/v2\/comments?post=15602"}],"wp:featuredmedia":[{"embeddable":true,"href":"http:\/\/velo.md\/ro\/wp-json\/wp\/v2\/media\/15603"}],"wp:attachment":[{"href":"http:\/\/velo.md\/ro\/wp-json\/wp\/v2\/media?parent=15602"}],"wp:term":[{"taxonomy":"product_cat","embeddable":true,"href":"http:\/\/velo.md\/ro\/wp-json\/wp\/v2\/product_cat?post=15602"},{"taxonomy":"product_tag","embeddable":true,"href":"http:\/\/velo.md\/ro\/wp-json\/wp\/v2\/product_tag?post=15602"}],"curies":[{"name":"wp","href":"https:\/\/api.w.org\/{rel}","templated":true}]}}