{"id":15593,"date":"2024-08-20T11:13:34","date_gmt":"2024-08-20T11:13:34","guid":{"rendered":"https:\/\/velo.md\/?post_type=product&#038;p=15593"},"modified":"2025-07-13T14:50:56","modified_gmt":"2025-07-13T14:50:56","slug":"fara-armytek-wizard-c2-magnet-usb","status":"publish","type":"product","link":"http:\/\/velo.md\/ro\/products\/accessories\/headlights_armytek\/fara-armytek-wizard-c2-magnet-usb\/","title":{"rendered":"Armytek Wizard C2 Magnet USB Lamp\u0103 frontal\u0103 cald\u0103"},"content":{"rendered":"<p lang=\"ru-RU\">Luminozitatea acestui model atinge 1120 lumeni la o distan\u021b\u0103 de p\u00e2n\u0103 la 106 metri. Bateria 18650 Li-Ion cu o capacitate de 3200 mAh este \u00eenc\u0103rcat\u0103 \u00een lantern\u0103 cu ajutorul unui cablu USB magnetic special. Ceea ce face Wizard C2 versatil\u0103 este posibilitatea mai multor op\u021biuni de fixare: pe suprafe\u021be metalice datorit\u0103 magnetului din capacul din spate, pe haine, curea sau geant\u0103 cu ajutorul unui clip, pe cap cu un suport confortabil pentru banda de cap.<\/p>\n<p lang=\"ru-RU\">Wizard C2 poate fi utilizat \u0219i ca far de biciclet\u0103 sau ca surs\u0103 principal\u0103 de lumin\u0103 pentru lucr\u0103torul industrial - lumina este compatibil\u0103 cu suportul de biciclet\u0103 ABM-01 \u0219i cu suportul de casc\u0103 AHM-02.<\/p>","protected":false},"excerpt":{"rendered":"<ul>\n<li>Fasciculul larg confortabil al sistemului optic complet modernizat, obiectivul TIR este protejat de zg\u00e2rieturi prin sticl\u0103 c\u0103lit\u0103 cu un strat de clarificare.<\/li>\n<li>Tehnologia inovatoare permite utilizarea oric\u0103ror baterii Li-Ion 18650 \u0219i ofer\u0103 protec\u021bie complet\u0103 \u00eempotriva scurtcircuitelor, chiar dac\u0103 portul magnetic intr\u0103 \u00een contact cu obiecte metalice.<\/li>\n<li>Protec\u021bie activ\u0103 \u00een timp real \u00eempotriva supra\u00eenc\u0103lzirii peste +58\u00b0C \u0219i indica\u021bie de avertizare a bateriei desc\u0103rcate.<\/li>\n<li>Complet protejat\u0103 \u00eempotriva apei, murd\u0103riei \u0219i prafului conform standardului IP68, lanterna continu\u0103 s\u0103 func\u021bioneze chiar \u0219i la o ad\u00e2ncime de 10 metri. Rezist\u0103 la c\u0103deri de la o \u00een\u0103l\u021bime de p\u00e2n\u0103 la 10 metri.<\/li>\n<li>Port magnetic robust \u0219i rezistent la ap\u0103.<\/li>\n<\/ul>","protected":false},"featured_media":15594,"comment_status":"closed","ping_status":"closed","template":"","meta":{"_uag_custom_page_level_css":"","site-sidebar-layout":"no-sidebar","site-content-layout":"plain-container","ast-global-header-display":"","ast-main-header-display":"","ast-hfb-above-header-display":"","ast-hfb-below-header-display":"","ast-hfb-mobile-header-display":"","site-post-title":"","ast-breadcrumbs-content":"","ast-featured-img":"","footer-sml-layout":"","theme-transparent-header-meta":"default","adv-header-id-meta":"","stick-header-meta":"","header-above-stick-meta":"","header-main-stick-meta":"","header-below-stick-meta":""},"product_cat":[1550,496],"product_tag":[],"class_list":["post-15593","product","type-product","status-publish","has-post-thumbnail","hentry","product_cat-headlights_armytek","product_cat-accessories","top_cat_496"],"uagb_featured_image_src":{"full":["https:\/\/velo.md\/wp-content\/uploads\/2024\/08\/wizard_c2_reg_main_warm.png",550,450,false],"thumbnail":["https:\/\/velo.md\/wp-content\/uploads\/2024\/08\/wizard_c2_reg_main_warm-150x150.png",150,150,true],"medium":["https:\/\/velo.md\/wp-content\/uploads\/2024\/08\/wizard_c2_reg_main_warm-300x245.png",300,245,true],"medium_large":["https:\/\/velo.md\/wp-content\/uploads\/2024\/08\/wizard_c2_reg_main_warm.png",550,450,false],"large":["https:\/\/velo.md\/wp-content\/uploads\/2024\/08\/wizard_c2_reg_main_warm.png",550,450,false],"1536x1536":["https:\/\/velo.md\/wp-content\/uploads\/2024\/08\/wizard_c2_reg_main_warm.png",550,450,false],"2048x2048":["https:\/\/velo.md\/wp-content\/uploads\/2024\/08\/wizard_c2_reg_main_warm.png",550,450,false],"trp-custom-language-flag":["https:\/\/velo.md\/wp-content\/uploads\/2024\/08\/wizard_c2_reg_main_warm-15x12.png",15,12,true],"xl":["https:\/\/velo.md\/wp-content\/uploads\/2024\/08\/wizard_c2_reg_main_warm.png",550,450,false],"xxl":["https:\/\/velo.md\/wp-content\/uploads\/2024\/08\/wizard_c2_reg_main_warm.png",550,450,false],"xxxl":["https:\/\/velo.md\/wp-content\/uploads\/2024\/08\/wizard_c2_reg_main_warm.png",550,450,false],"xxxxl":["https:\/\/velo.md\/wp-content\/uploads\/2024\/08\/wizard_c2_reg_main_warm.png",550,450,false],"xxxxxl":["https:\/\/velo.md\/wp-content\/uploads\/2024\/08\/wizard_c2_reg_main_warm.png",550,450,false],"woocommerce_thumbnail":["https:\/\/velo.md\/wp-content\/uploads\/2024\/08\/wizard_c2_reg_main_warm-300x222.png",300,222,true],"woocommerce_single":["https:\/\/velo.md\/wp-content\/uploads\/2024\/08\/wizard_c2_reg_main_warm.png",550,450,false],"woocommerce_gallery_thumbnail":["https:\/\/velo.md\/wp-content\/uploads\/2024\/08\/wizard_c2_reg_main_warm-100x100.png",100,100,true],"variation_swatches_image_size":["https:\/\/velo.md\/wp-content\/uploads\/2024\/08\/wizard_c2_reg_main_warm-50x50.png",50,50,true],"variation_swatches_tooltip_size":["https:\/\/velo.md\/wp-content\/uploads\/2024\/08\/wizard_c2_reg_main_warm-100x100.png",100,100,true]},"uagb_author_info":{"display_name":"admin","author_link":"http:\/\/velo.md\/ro\/author\/"},"uagb_comment_info":4,"uagb_excerpt":"\u041a\u043e\u043c\u0444\u043e\u0440\u0442\u043d\u044b\u0439 \u0448\u0438\u0440\u043e\u043a\u0438\u0439 \u043b\u0443\u0447 \u043f\u043e\u043b\u043d\u043e\u0441\u0442\u044c\u044e \u043e\u0431\u043d\u043e\u0432\u043b\u0435\u043d\u043d\u043e\u0439 \u043e\u043f\u0442\u0438\u0447\u0435\u0441\u043a\u043e\u0439 \u0441\u0438\u0441\u0442\u0435\u043c\u044b, TIR-\u043b\u0438\u043d\u0437\u0430 \u0437\u0430\u0449\u0438\u0449\u0435\u043d\u0430 \u043e\u0442 \u0446\u0430\u0440\u0430\u043f\u0438\u043d \u0437\u0430\u043a\u0430\u043b\u0435\u043d\u043d\u044b\u043c \u0441\u0442\u0435\u043a\u043b\u043e\u043c \u0441 \u043f\u0440\u043e\u0441\u0432\u0435\u0442\u043b\u044f\u044e\u0449\u0438\u043c \u043f\u043e\u043a\u0440\u044b\u0442\u0438\u0435\u043c. \u0418\u043d\u043d\u043e\u0432\u0430\u0446\u0438\u043e\u043d\u043d\u0430\u044f \u0442\u0435\u0445\u043d\u043e\u043b\u043e\u0433\u0438\u044f \u043f\u043e\u0437\u0432\u043e\u043b\u044f\u0435\u0442 \u0438\u0441\u043f\u043e\u043b\u044c\u0437\u043e\u0432\u0430\u0442\u044c \u043b\u044e\u0431\u044b\u0435 \u0430\u043a\u043a\u0443\u043c\u0443\u043b\u044f\u0442\u043e\u0440\u044b 18650 Li-Ion \u0438 \u043e\u0431\u0435\u0441\u043f\u0435\u0447\u0438\u0432\u0430\u0435\u0442 \u043f\u043e\u043b\u043d\u0443\u044e \u0437\u0430\u0449\u0438\u0442\u0443 \u043e\u0442 \u043a\u043e\u0440\u043e\u0442\u043a\u043e\u0433\u043e \u0437\u0430\u043c\u044b\u043a\u0430\u043d\u0438\u044f \u0434\u0430\u0436\u0435 \u0432 \u0441\u043b\u0443\u0447\u0430\u0435 \u043a\u043e\u043d\u0442\u0430\u043a\u0442\u0430 \u043c\u0430\u0433\u043d\u0438\u0442\u043d\u043e\u0433\u043e \u043f\u043e\u0440\u0442\u0430 \u0441 \u043c\u0435\u0442\u0430\u043b\u043b\u0438\u0447\u0435\u0441\u043a\u0438\u043c\u0438 \u043f\u0440\u0435\u0434\u043c\u0435\u0442\u0430\u043c\u0438. \u0410\u043a\u0442\u0438\u0432\u043d\u0430\u044f \u0437\u0430\u0449\u0438\u0442\u0430 \u043e\u0442 \u043f\u0435\u0440\u0435\u0433\u0440\u0435\u0432\u0430 \u0432\u044b\u0448\u0435 +58 \u00b0\u0421 \u0432 \u0440\u0435\u0436\u0438\u043c\u0435 \u0440\u0435\u0430\u043b\u044c\u043d\u043e\u0433\u043e \u0432\u0440\u0435\u043c\u0435\u043d\u0438 \u0438 \u043f\u0440\u0435\u0434\u0443\u043f\u0440\u0435\u0434\u0438\u0442\u0435\u043b\u044c\u043d\u0430\u044f \u0438\u043d\u0434\u0438\u043a\u0430\u0446\u0438\u044f \u043d\u0438\u0437\u043a\u043e\u0433\u043e&hellip;","_links":{"self":[{"href":"http:\/\/velo.md\/ro\/wp-json\/wp\/v2\/product\/15593","targetHints":{"allow":["GET"]}}],"collection":[{"href":"http:\/\/velo.md\/ro\/wp-json\/wp\/v2\/product"}],"about":[{"href":"http:\/\/velo.md\/ro\/wp-json\/wp\/v2\/types\/product"}],"replies":[{"embeddable":true,"href":"http:\/\/velo.md\/ro\/wp-json\/wp\/v2\/comments?post=15593"}],"wp:featuredmedia":[{"embeddable":true,"href":"http:\/\/velo.md\/ro\/wp-json\/wp\/v2\/media\/15594"}],"wp:attachment":[{"href":"http:\/\/velo.md\/ro\/wp-json\/wp\/v2\/media?parent=15593"}],"wp:term":[{"taxonomy":"product_cat","embeddable":true,"href":"http:\/\/velo.md\/ro\/wp-json\/wp\/v2\/product_cat?post=15593"},{"taxonomy":"product_tag","embeddable":true,"href":"http:\/\/velo.md\/ro\/wp-json\/wp\/v2\/product_tag?post=15593"}],"curies":[{"name":"wp","href":"https:\/\/api.w.org\/{rel}","templated":true}]}}