{"id":15585,"date":"2024-08-20T11:10:10","date_gmt":"2024-08-20T11:10:10","guid":{"rendered":"https:\/\/velo.md\/?post_type=product&#038;p=15585"},"modified":"2025-07-13T14:50:56","modified_gmt":"2025-07-13T14:50:56","slug":"fara-armytek-wizard-c1-pro-magnet-usb-white","status":"publish","type":"product","link":"http:\/\/velo.md\/ro\/products\/accessories\/headlights_armytek\/fara-armytek-wizard-c1-pro-magnet-usb-white\/","title":{"rendered":"Armytek Wizard C1 Pro Magnet USB Lamp\u0103 frontal\u0103 alb\u0103"},"content":{"rendered":"<p class=\"text\">Wizard C1 Pro este un multilight compact \u0219i u\u0219or cu comenzi avansate profesionale.<\/p>\n<p class=\"text\">Un model pentru orice domeniu \u00een care greutatea este important\u0103: sporturi profesionale, drume\u021bii lungi, pescuit, uz casnic, utilizare ca surs\u0103 suplimentar\u0103 de lumin\u0103 pentru v\u00e2n\u0103toare sau opera\u021biuni speciale.<\/p>\n<p class=\"text\">Cu un flux luminos de p\u00e2n\u0103 la 1000 de lumeni \u0219i o raz\u0103 de ac\u021biune de p\u00e2n\u0103 la 100 de metri, luminozitatea lanternei este doar u\u0219or inferioar\u0103 celei a modelelor mai mari. Principala diferen\u021b\u0103 este timpul de func\u021bionare - un impresionant 60 de zile cu o singur\u0103 baterie pentru dimensiunea sa. O tehnologie special\u0103 v\u0103 permite s\u0103 \u00eenc\u0103rca\u021bi orice baterii Li-Ion 18350 \u00een interiorul lanternei. Pentru \u00eenc\u0103rcare se utilizeaz\u0103 un cablu USB magnetic.<\/p>\n<p class=\"text\">Wizard C1 Pro se monteaz\u0103 pe suprafe\u021be metalice cu un magnet puternic \u00een capacul din spate, se blocheaz\u0103 \u00een siguran\u021b\u0103 \u00een suportul pentru casc\u0103 \u0219i poate fi plasat \u00een orice pozi\u021bie pe haine, curea sau geant\u0103 folosind clema. \u00cen plus, exist\u0103 o gaur\u0103 \u00een capacul din spate pentru un lanyard sau un breloc.<\/p>","protected":false},"excerpt":{"rendered":"<div class=\"woocommerce-product-details__short-description\">\n<div class=\"complectation-block col-lg-4 col-md-6 col-sm-6 col-xs-12 pull-right\">\n<ul>\n<li class=\"item-complectation\">Putere luminoas\u0103 de p\u00e2n\u0103 la 1000 lumeni \u0219i raz\u0103 luminoas\u0103 de p\u00e2n\u0103 la 100 de metri<\/li>\n<li class=\"item-complectation\">Principala diferen\u021b\u0103 este durata de func\u021bionare - un timp impresionant de 60 de zile cu o singur\u0103 baterie pentru dimensiunea sa.<\/li>\n<li class=\"item-complectation\">Tehnologia special\u0103 v\u0103 permite s\u0103 \u00eenc\u0103rca\u021bi orice acumulator Li-Ion 18350 \u00een interiorul lanternei.<\/li>\n<li class=\"item-complectation\">Pentru \u00eenc\u0103rcare se utilizeaz\u0103 un cablu USB magnetic.<\/li>\n<\/ul>\n<\/div>\n<\/div>","protected":false},"featured_media":15586,"comment_status":"closed","ping_status":"closed","template":"","meta":{"_uag_custom_page_level_css":"","site-sidebar-layout":"no-sidebar","site-content-layout":"plain-container","ast-global-header-display":"","ast-main-header-display":"","ast-hfb-above-header-display":"","ast-hfb-below-header-display":"","ast-hfb-mobile-header-display":"","site-post-title":"","ast-breadcrumbs-content":"","ast-featured-img":"","footer-sml-layout":"","theme-transparent-header-meta":"default","adv-header-id-meta":"","stick-header-meta":"","header-above-stick-meta":"","header-main-stick-meta":"","header-below-stick-meta":""},"product_cat":[1550,496],"product_tag":[],"class_list":["post-15585","product","type-product","status-publish","has-post-thumbnail","hentry","product_cat-headlights_armytek","product_cat-accessories","top_cat_496"],"uagb_featured_image_src":{"full":["https:\/\/velo.md\/wp-content\/uploads\/2024\/08\/main_wizard_c1_pro_white.png",550,450,false],"thumbnail":["https:\/\/velo.md\/wp-content\/uploads\/2024\/08\/main_wizard_c1_pro_white-150x150.png",150,150,true],"medium":["https:\/\/velo.md\/wp-content\/uploads\/2024\/08\/main_wizard_c1_pro_white-300x245.png",300,245,true],"medium_large":["https:\/\/velo.md\/wp-content\/uploads\/2024\/08\/main_wizard_c1_pro_white.png",550,450,false],"large":["https:\/\/velo.md\/wp-content\/uploads\/2024\/08\/main_wizard_c1_pro_white.png",550,450,false],"1536x1536":["https:\/\/velo.md\/wp-content\/uploads\/2024\/08\/main_wizard_c1_pro_white.png",550,450,false],"2048x2048":["https:\/\/velo.md\/wp-content\/uploads\/2024\/08\/main_wizard_c1_pro_white.png",550,450,false],"trp-custom-language-flag":["https:\/\/velo.md\/wp-content\/uploads\/2024\/08\/main_wizard_c1_pro_white-15x12.png",15,12,true],"xl":["https:\/\/velo.md\/wp-content\/uploads\/2024\/08\/main_wizard_c1_pro_white.png",550,450,false],"xxl":["https:\/\/velo.md\/wp-content\/uploads\/2024\/08\/main_wizard_c1_pro_white.png",550,450,false],"xxxl":["https:\/\/velo.md\/wp-content\/uploads\/2024\/08\/main_wizard_c1_pro_white.png",550,450,false],"xxxxl":["https:\/\/velo.md\/wp-content\/uploads\/2024\/08\/main_wizard_c1_pro_white.png",550,450,false],"xxxxxl":["https:\/\/velo.md\/wp-content\/uploads\/2024\/08\/main_wizard_c1_pro_white.png",550,450,false],"woocommerce_thumbnail":["https:\/\/velo.md\/wp-content\/uploads\/2024\/08\/main_wizard_c1_pro_white-300x222.png",300,222,true],"woocommerce_single":["https:\/\/velo.md\/wp-content\/uploads\/2024\/08\/main_wizard_c1_pro_white.png",550,450,false],"woocommerce_gallery_thumbnail":["https:\/\/velo.md\/wp-content\/uploads\/2024\/08\/main_wizard_c1_pro_white-100x100.png",100,100,true],"variation_swatches_image_size":["https:\/\/velo.md\/wp-content\/uploads\/2024\/08\/main_wizard_c1_pro_white-50x50.png",50,50,true],"variation_swatches_tooltip_size":["https:\/\/velo.md\/wp-content\/uploads\/2024\/08\/main_wizard_c1_pro_white-100x100.png",100,100,true]},"uagb_author_info":{"display_name":"admin","author_link":"http:\/\/velo.md\/ro\/author\/"},"uagb_comment_info":4,"uagb_excerpt":"\u0421\u0432\u0435\u0442\u043e\u0432\u043e\u0439 \u043f\u043e\u0442\u043e\u043a \u0434\u043e 1000 \u043b\u044e\u043c\u0435\u043d \u0438 \u0434\u0430\u043b\u044c\u043d\u043e\u0441\u0442\u044c \u0441\u0432\u0435\u0442\u0430 \u0434\u043e 100 \u043c\u0435\u0442\u0440\u043e\u0432 \u041e\u0441\u043d\u043e\u0432\u043d\u044b\u043c \u043e\u0442\u043b\u0438\u0447\u0438\u0435\u043c \u044f\u0432\u043b\u044f\u0435\u0442\u0441\u044f \u0432\u0440\u0435\u043c\u044f \u0440\u0430\u0431\u043e\u0442\u044b \u2014 \u0432\u043f\u0435\u0447\u0430\u0442\u043b\u044f\u044e\u0449\u0438\u0435 \u0434\u043b\u044f \u0441\u0432\u043e\u0435\u0433\u043e \u0440\u0430\u0437\u043c\u0435\u0440\u0430 60 \u0434\u043d\u0435\u0439 \u043d\u0430 \u043e\u0434\u043d\u043e\u043c \u044d\u043b\u0435\u043c\u0435\u043d\u0442\u0435 \u043f\u0438\u0442\u0430\u043d\u0438\u044f. \u041e\u0441\u043e\u0431\u0430\u044f \u0442\u0435\u0445\u043d\u043e\u043b\u043e\u0433\u0438\u044f \u043f\u043e\u0437\u0432\u043e\u043b\u044f\u0435\u0442 \u0437\u0430\u0440\u044f\u0436\u0430\u0442\u044c \u0432\u043d\u0443\u0442\u0440\u0438 \u0444\u043e\u043d\u0430\u0440\u044f \u043b\u044e\u0431\u044b\u0435 \u0430\u043a\u043a\u0443\u043c\u0443\u043b\u044f\u0442\u043e\u0440\u044b 18350 Li-Ion. \u0414\u043b\u044f \u0437\u0430\u0440\u044f\u0434\u043a\u0438 \u0438\u0441\u043f\u043e\u043b\u044c\u0437\u0443\u0435\u0442\u0441\u044f \u043c\u0430\u0433\u043d\u0438\u0442\u043d\u044b\u0439 USB-\u043a\u0430\u0431\u0435\u043b\u044c.","_links":{"self":[{"href":"http:\/\/velo.md\/ro\/wp-json\/wp\/v2\/product\/15585","targetHints":{"allow":["GET"]}}],"collection":[{"href":"http:\/\/velo.md\/ro\/wp-json\/wp\/v2\/product"}],"about":[{"href":"http:\/\/velo.md\/ro\/wp-json\/wp\/v2\/types\/product"}],"replies":[{"embeddable":true,"href":"http:\/\/velo.md\/ro\/wp-json\/wp\/v2\/comments?post=15585"}],"wp:featuredmedia":[{"embeddable":true,"href":"http:\/\/velo.md\/ro\/wp-json\/wp\/v2\/media\/15586"}],"wp:attachment":[{"href":"http:\/\/velo.md\/ro\/wp-json\/wp\/v2\/media?parent=15585"}],"wp:term":[{"taxonomy":"product_cat","embeddable":true,"href":"http:\/\/velo.md\/ro\/wp-json\/wp\/v2\/product_cat?post=15585"},{"taxonomy":"product_tag","embeddable":true,"href":"http:\/\/velo.md\/ro\/wp-json\/wp\/v2\/product_tag?post=15585"}],"curies":[{"name":"wp","href":"https:\/\/api.w.org\/{rel}","templated":true}]}}