{"id":15572,"date":"2024-08-20T11:00:47","date_gmt":"2024-08-20T11:00:47","guid":{"rendered":"https:\/\/velo.md\/?post_type=product&#038;p=15572"},"modified":"2025-07-13T14:50:56","modified_gmt":"2025-07-13T14:50:56","slug":"fara-armytek-prime-c1-pro","status":"publish","type":"product","link":"http:\/\/velo.md\/ro\/products\/accessories\/headlights_armytek\/fara-armytek-prime-c1-pro\/","title":{"rendered":"Lamp\u0103 frontal\u0103 Armytek Prime C1 Pro White"},"content":{"rendered":"<p>Cea mai compact\u0103 \u0219i u\u0219oar\u0103 lantern\u0103 ARMYTEK fabricat\u0103 din aluminiu aeronautic. Prime C1 Pro este o surs\u0103 de lumin\u0103 incredibil de compact\u0103, dar puternic\u0103, pentru toate activit\u0103\u021bile dvs. zilnice. Este u\u0219or de transportat: nu va ocupa mult spa\u021biu \u00een geant\u0103, \u00eencape u\u0219or \u00een buzunar sau pe breloc. Cu designul s\u0103u clasic \u0219i o gaur\u0103 \u00een capacul din spate, Prime C1 Pro poate fi folosit pentru a v\u0103 ilumina tab\u0103ra atunci c\u00e2nd c\u0103l\u0103tori\u021bi \u00een aer liber: pur \u0219i simplu ag\u0103\u021ba\u021bi-l de o creang\u0103 de copac din apropiere sau de un c\u00e2rlig de sub tavanul cortului folosind cureaua robust\u0103 pentru bra\u021b. Kitul include o clem\u0103 din o\u021bel care fixeaz\u0103 lanterna \u00een siguran\u021b\u0103 pe haine, rucsacuri \u0219i chiar pe marginea unei p\u0103l\u0103rii. Lanterna este, de asemenea, potrivit\u0103 pentru o varietate de lucr\u0103ri: prezen\u021ba unui magnet \u00een capacul din spate v\u0103 permite s\u0103 o fixa\u021bi pe o suprafa\u021b\u0103 metalic\u0103. Mai mult, Prime C1 Pro este compatibil\u0103 cu suportul de biciclet\u0103 proprietar al m\u0103rcii, ceea ce \u00eenseamn\u0103 c\u0103 lumina de buzunar poate \u00eenlocui un far de biciclet\u0103 dac\u0103 este necesar. Datorit\u0103 punctului central clar, fasciculul larg ajunge la o distan\u021b\u0103 de 114 metri.<\/p>","protected":false},"excerpt":{"rendered":"<ul>\n<li>Bateria re\u00eenc\u0103rcabil\u0103 complet\u0103 18350 Li-Ion 900 mAh se \u00eencarc\u0103 \u00een 2h 30 min<\/li>\n<li>\u00cenc\u0103rc\u0103tor magnetic USB inclus<\/li>\n<li>Protec\u021bie \u00eempotriva supra\u00eenc\u0103lzirii. C\u00e2nd temperatura se apropie de +58 \u00b0C, luminozitatea este redus\u0103 pentru a evita supra\u00eenc\u0103lzirea lanternei \u0219i a bateriei.<\/li>\n<li>Dimensiune compact\u0103: corp scurt pentru o purtare zilnic\u0103 \u0219i mai confortabil\u0103.<\/li>\n<li>Complet rezistent\u0103 la ap\u0103, murd\u0103rie \u0219i praf IP68 - lanterna continu\u0103 s\u0103 func\u021bioneze chiar \u0219i dup\u0103 ce este scufundat\u0103 la o ad\u00e2ncime de 10 metri. Rezist\u0103 la c\u0103deri de la o \u00een\u0103l\u021bime de p\u00e2n\u0103 la 10 metri<\/li>\n<\/ul>","protected":false},"featured_media":15573,"comment_status":"closed","ping_status":"closed","template":"","meta":{"_uag_custom_page_level_css":"","site-sidebar-layout":"no-sidebar","site-content-layout":"plain-container","ast-global-header-display":"","ast-main-header-display":"","ast-hfb-above-header-display":"","ast-hfb-below-header-display":"","ast-hfb-mobile-header-display":"","site-post-title":"","ast-breadcrumbs-content":"","ast-featured-img":"","footer-sml-layout":"","theme-transparent-header-meta":"default","adv-header-id-meta":"","stick-header-meta":"","header-above-stick-meta":"","header-main-stick-meta":"","header-below-stick-meta":""},"product_cat":[1550,496],"product_tag":[],"class_list":["post-15572","product","type-product","status-publish","has-post-thumbnail","hentry","product_cat-headlights_armytek","product_cat-accessories","top_cat_496"],"uagb_featured_image_src":{"full":["https:\/\/velo.md\/wp-content\/uploads\/2024\/08\/prime_v4_c1_pro_01.png",550,450,false],"thumbnail":["https:\/\/velo.md\/wp-content\/uploads\/2024\/08\/prime_v4_c1_pro_01-150x150.png",150,150,true],"medium":["https:\/\/velo.md\/wp-content\/uploads\/2024\/08\/prime_v4_c1_pro_01-300x245.png",300,245,true],"medium_large":["https:\/\/velo.md\/wp-content\/uploads\/2024\/08\/prime_v4_c1_pro_01.png",550,450,false],"large":["https:\/\/velo.md\/wp-content\/uploads\/2024\/08\/prime_v4_c1_pro_01.png",550,450,false],"1536x1536":["https:\/\/velo.md\/wp-content\/uploads\/2024\/08\/prime_v4_c1_pro_01.png",550,450,false],"2048x2048":["https:\/\/velo.md\/wp-content\/uploads\/2024\/08\/prime_v4_c1_pro_01.png",550,450,false],"trp-custom-language-flag":["https:\/\/velo.md\/wp-content\/uploads\/2024\/08\/prime_v4_c1_pro_01-15x12.png",15,12,true],"xl":["https:\/\/velo.md\/wp-content\/uploads\/2024\/08\/prime_v4_c1_pro_01.png",550,450,false],"xxl":["https:\/\/velo.md\/wp-content\/uploads\/2024\/08\/prime_v4_c1_pro_01.png",550,450,false],"xxxl":["https:\/\/velo.md\/wp-content\/uploads\/2024\/08\/prime_v4_c1_pro_01.png",550,450,false],"xxxxl":["https:\/\/velo.md\/wp-content\/uploads\/2024\/08\/prime_v4_c1_pro_01.png",550,450,false],"xxxxxl":["https:\/\/velo.md\/wp-content\/uploads\/2024\/08\/prime_v4_c1_pro_01.png",550,450,false],"woocommerce_thumbnail":["https:\/\/velo.md\/wp-content\/uploads\/2024\/08\/prime_v4_c1_pro_01-300x222.png",300,222,true],"woocommerce_single":["https:\/\/velo.md\/wp-content\/uploads\/2024\/08\/prime_v4_c1_pro_01.png",550,450,false],"woocommerce_gallery_thumbnail":["https:\/\/velo.md\/wp-content\/uploads\/2024\/08\/prime_v4_c1_pro_01-100x100.png",100,100,true],"variation_swatches_image_size":["https:\/\/velo.md\/wp-content\/uploads\/2024\/08\/prime_v4_c1_pro_01-50x50.png",50,50,true],"variation_swatches_tooltip_size":["https:\/\/velo.md\/wp-content\/uploads\/2024\/08\/prime_v4_c1_pro_01-100x100.png",100,100,true]},"uagb_author_info":{"display_name":"admin","author_link":"http:\/\/velo.md\/ro\/author\/"},"uagb_comment_info":4,"uagb_excerpt":"\u041a\u043e\u043c\u043f\u043b\u0435\u043a\u0442\u043d\u044b\u0439 \u0430\u043a\u043a\u0443\u043c\u0443\u043b\u044f\u0442\u043e\u0440 18350 Li-Ion 900 \u043c\u0410\u0447 \u0437\u0430\u0440\u044f\u0436\u0430\u0435\u0442\u0441\u044f \u0437\u0430 2 \u0447 30 \u043c\u0438\u043d \u041c\u0430\u0433\u043d\u0438\u0442\u043d\u0430\u044f USB-\u0437\u0430\u0440\u044f\u0434\u043a\u0430 \u0432 \u043a\u043e\u043c\u043f\u043b\u0435\u043a\u0442\u0435 \u0417\u0430\u0449\u0438\u0442\u0430 \u043e\u0442 \u043f\u0435\u0440\u0435\u0433\u0440\u0435\u0432\u0430. \u041f\u0440\u0438 \u043f\u0440\u0438\u0431\u043b\u0438\u0436\u0435\u043d\u0438\u0438 \u0442\u0435\u043c\u043f\u0435\u0440\u0430\u0442\u0443\u0440\u044b \u043a +58 \u00b0C \u044f\u0440\u043a\u043e\u0441\u0442\u044c \u0441\u043d\u0438\u0436\u0430\u0435\u0442\u0441\u044f, \u0447\u0442\u043e \u043f\u043e\u0437\u0432\u043e\u043b\u044f\u0435\u0442 \u0438\u0437\u0431\u0435\u0436\u0430\u0442\u044c \u043f\u0435\u0440\u0435\u0433\u0440\u0435\u0432\u0430 \u0444\u043e\u043d\u0430\u0440\u044f \u0438 \u0430\u043a\u043a\u0443\u043c\u0443\u043b\u044f\u0442\u043e\u0440\u0430. \u041a\u043e\u043c\u043f\u0430\u043a\u0442\u043d\u044b\u0439 \u0440\u0430\u0437\u043c\u0435\u0440: \u043a\u043e\u0440\u043e\u0442\u043a\u043e\u0435 \u0442\u0435\u043b\u043e \u0434\u043b\u044f \u0435\u0449\u0435 \u0431\u043e\u043b\u0435\u0435 \u0443\u0434\u043e\u0431\u043d\u043e\u0433\u043e \u043f\u043e\u0432\u0441\u0435\u0434\u043d\u0435\u0432\u043d\u043e\u0433\u043e \u043d\u043e\u0448\u0435\u043d\u0438\u044f. \u041f\u043e\u043b\u043d\u0430\u044f \u0437\u0430\u0449\u0438\u0442\u0430 \u043e\u0442 \u0432\u043e\u0434\u044b, \u0433\u0440\u044f\u0437\u0438 \u0438 \u043f\u044b\u043b\u0438 \u043f\u043e \u0441\u0442\u0430\u043d\u0434\u0430\u0440\u0442\u0443 IP68 \u2014&hellip;","_links":{"self":[{"href":"http:\/\/velo.md\/ro\/wp-json\/wp\/v2\/product\/15572","targetHints":{"allow":["GET"]}}],"collection":[{"href":"http:\/\/velo.md\/ro\/wp-json\/wp\/v2\/product"}],"about":[{"href":"http:\/\/velo.md\/ro\/wp-json\/wp\/v2\/types\/product"}],"replies":[{"embeddable":true,"href":"http:\/\/velo.md\/ro\/wp-json\/wp\/v2\/comments?post=15572"}],"wp:featuredmedia":[{"embeddable":true,"href":"http:\/\/velo.md\/ro\/wp-json\/wp\/v2\/media\/15573"}],"wp:attachment":[{"href":"http:\/\/velo.md\/ro\/wp-json\/wp\/v2\/media?parent=15572"}],"wp:term":[{"taxonomy":"product_cat","embeddable":true,"href":"http:\/\/velo.md\/ro\/wp-json\/wp\/v2\/product_cat?post=15572"},{"taxonomy":"product_tag","embeddable":true,"href":"http:\/\/velo.md\/ro\/wp-json\/wp\/v2\/product_tag?post=15572"}],"curies":[{"name":"wp","href":"https:\/\/api.w.org\/{rel}","templated":true}]}}