{"id":14806,"date":"2024-03-29T19:17:31","date_gmt":"2024-03-29T19:17:31","guid":{"rendered":"https:\/\/velo.md\/?post_type=product&#038;p=14806"},"modified":"2025-07-13T14:51:00","modified_gmt":"2025-07-13T14:51:00","slug":"fara-proxima-1000-lm-hb-22-38-mm-usb-alloy","status":"publish","type":"product","link":"http:\/\/velo.md\/ro\/products\/accessories\/headlights\/fara-proxima-1000-lm-hb-22-38-mm-usb-alloy\/","title":{"rendered":"Lamp\u0103 frontal\u0103 PROXIMA 1000 lm \/ HB 22-38 mm USB Alloy"},"content":{"rendered":"","protected":false},"excerpt":{"rendered":"<ul>\n<li>Cip LED CREE XP-L2 LED 1000 lm<\/li>\n<li>6 moduri de iluminare \u0219i vizibilitate lateral\u0103 excelent\u0103.<\/li>\n<li>Afi\u0219aj LCD\/monitor de \u00eenc\u0103rcare 0-100%<\/li>\n<li>Baterie litiu-ion model 21700 de 3,7V\/4000 mAh cu plac\u0103 de protec\u021bie.<\/li>\n<li>Timp de \u00eenc\u0103rcare aprox. 5 ore (\u00eenc\u0103rcare de 5 V\/1,5 A).<\/li>\n<li>Perioada de desc\u0103rcare\/re\u00eenc\u0103rcare - cel pu\u021bin o dat\u0103 la 6 luni.<\/li>\n<li>Include cablu de \u00eenc\u0103rcare (USB A\/Micro C).<\/li>\n<li>IPX65 Rezistent la praf. Ofer\u0103 protec\u021bie \u00eempotriva jeturilor de ap\u0103 de joas\u0103 presiune din orice direc\u021bie.<\/li>\n<li>Atunci c\u00e2nd bateria este desc\u0103rcat\u0103, lumina va trece automat la modul de siguran\u021b\u0103 de 50 lm timp de 30 de minute.<\/li>\n<li>Comutator inteligent de memorie - ap\u0103sa\u021bi 1s pentru a opri \u00een orice mod de iluminare (porni\u021bi \u00een acela\u0219i mod). Mod ultra luminos 1000 lm, ap\u0103sa\u021bi de dou\u0103 ori butonul de alimentare.<\/li>\n<li>Adaptor pentru suporturi de blocare GoPro standard (inclus).<\/li>\n<li>Port USB-A cu func\u021bie Powerbank, pentru re\u00eenc\u0103rcarea aparatelor electrice.<\/li>\n<li>Aliaj suport d. 25,4 mm - 31,8 mm.<\/li>\n<li>Suport pentru casc\u0103.<\/li>\n<li>Dimensiuni 115x33x33mm\/greutate 226g.<\/li>\n<\/ul>","protected":false},"featured_media":14807,"comment_status":"closed","ping_status":"closed","template":"","meta":{"_uag_custom_page_level_css":"","site-sidebar-layout":"no-sidebar","site-content-layout":"plain-container","ast-global-header-display":"","ast-main-header-display":"","ast-hfb-above-header-display":"","ast-hfb-below-header-display":"","ast-hfb-mobile-header-display":"","site-post-title":"","ast-breadcrumbs-content":"","ast-featured-img":"","footer-sml-layout":"","theme-transparent-header-meta":"default","adv-header-id-meta":"","stick-header-meta":"","header-above-stick-meta":"","header-main-stick-meta":"","header-below-stick-meta":""},"product_cat":[496,643],"product_tag":[],"class_list":["post-14806","product","type-product","status-publish","has-post-thumbnail","hentry","product_cat-accessories","product_cat-headlights","top_cat_496"],"uagb_featured_image_src":{"full":["https:\/\/velo.md\/wp-content\/uploads\/2024\/03\/12002371.jpg",1200,900,false],"thumbnail":["https:\/\/velo.md\/wp-content\/uploads\/2024\/03\/12002371-150x150.jpg",150,150,true],"medium":["https:\/\/velo.md\/wp-content\/uploads\/2024\/03\/12002371-300x225.jpg",300,225,true],"medium_large":["https:\/\/velo.md\/wp-content\/uploads\/2024\/03\/12002371-768x576.jpg",768,576,true],"large":["https:\/\/velo.md\/wp-content\/uploads\/2024\/03\/12002371-1024x768.jpg",1024,768,true],"1536x1536":["https:\/\/velo.md\/wp-content\/uploads\/2024\/03\/12002371.jpg",1200,900,false],"2048x2048":["https:\/\/velo.md\/wp-content\/uploads\/2024\/03\/12002371.jpg",1200,900,false],"trp-custom-language-flag":["https:\/\/velo.md\/wp-content\/uploads\/2024\/03\/12002371-16x12.jpg",16,12,true],"xl":["https:\/\/velo.md\/wp-content\/uploads\/2024\/03\/12002371.jpg",1200,900,false],"xxl":["https:\/\/velo.md\/wp-content\/uploads\/2024\/03\/12002371.jpg",1200,900,false],"xxxl":["https:\/\/velo.md\/wp-content\/uploads\/2024\/03\/12002371.jpg",1200,900,false],"xxxxl":["https:\/\/velo.md\/wp-content\/uploads\/2024\/03\/12002371.jpg",1200,900,false],"xxxxxl":["https:\/\/velo.md\/wp-content\/uploads\/2024\/03\/12002371.jpg",1200,900,false],"woocommerce_thumbnail":["https:\/\/velo.md\/wp-content\/uploads\/2024\/03\/12002371-300x222.jpg",300,222,true],"woocommerce_single":["https:\/\/velo.md\/wp-content\/uploads\/2024\/03\/12002371-600x450.jpg",600,450,true],"woocommerce_gallery_thumbnail":["https:\/\/velo.md\/wp-content\/uploads\/2024\/03\/12002371-100x100.jpg",100,100,true],"variation_swatches_image_size":["https:\/\/velo.md\/wp-content\/uploads\/2024\/03\/12002371-50x50.jpg",50,50,true],"variation_swatches_tooltip_size":["https:\/\/velo.md\/wp-content\/uploads\/2024\/03\/12002371-100x100.jpg",100,100,true]},"uagb_author_info":{"display_name":"admin","author_link":"http:\/\/velo.md\/ro\/author\/"},"uagb_comment_info":3,"uagb_excerpt":"\u0421\u0432\u0435\u0442\u043e\u0434\u0438\u043e\u0434\u043d\u044b\u0439 \u0447\u0438\u043f CREE XP-L2 LED 1000 lm 6 \u0440\u0435\u0436\u0438\u043c\u043e\u0432 \u043e\u0441\u0432\u0435\u0449\u0435\u043d\u0438\u044f \u0438 \u043e\u0442\u043b\u0438\u0447\u043d\u0430\u044f \u0431\u043e\u043a\u043e\u0432\u0430\u044f \u0432\u0438\u0434\u0438\u043c\u043e\u0441\u0442\u044c. \u0416\u041a-\u0434\u0438\u0441\u043f\u043b\u0435\u0439\/\u043c\u043e\u043d\u0438\u0442\u043e\u0440 \u0437\u0430\u0440\u044f\u0434\u043a\u0438 0\u2013100% \u041b\u0438\u0442\u0438\u0439-\u0438\u043e\u043d\u043d\u044b\u0439 \u0430\u043a\u043a\u0443\u043c\u0443\u043b\u044f\u0442\u043e\u0440 \u043c\u043e\u0434\u0435\u043b\u0438 21700 3,7 \u0412\/4000 \u043c\u0410\u0447 \u0441 \u0437\u0430\u0449\u0438\u0442\u043d\u043e\u0439 \u043f\u043b\u0430\u0442\u043e\u0439. \u0412\u0440\u0435\u043c\u044f \u0437\u0430\u0440\u044f\u0434\u043a\u0438 \u043f\u0440\u0438\u0431\u043b. 5 \u0447\u0430\u0441\u043e\u0432 (\u0437\u0430\u0440\u044f\u0434\u043a\u0430 5 \u0412\/ 1,5 \u0410). \u041f\u0435\u0440\u0438\u043e\u0434 \u0440\u0430\u0437\u0440\u044f\u0434\u043a\u0438\/\u0437\u0430\u0440\u044f\u0434\u043a\u0438 \u2013 \u043c\u0438\u043d\u0438\u043c\u0443\u043c 1 \u0440\u0430\u0437 \u0432 6 \u043c\u0435\u0441\u044f\u0446\u0435\u0432. \u0412 \u043a\u043e\u043c\u043f\u043b\u0435\u043a\u0442\u0435 \u0437\u0430\u0440\u044f\u0434\u043d\u044b\u0439 \u043a\u0430\u0431\u0435\u043b\u044c (USB A\/Micro C). IPX65 \u041f\u044b\u043b\u0435\u043d\u0435\u043f\u0440\u043e\u043d\u0438\u0446\u0430\u0435\u043c\u043e\u0441\u0442\u044c.&hellip;","_links":{"self":[{"href":"http:\/\/velo.md\/ro\/wp-json\/wp\/v2\/product\/14806","targetHints":{"allow":["GET"]}}],"collection":[{"href":"http:\/\/velo.md\/ro\/wp-json\/wp\/v2\/product"}],"about":[{"href":"http:\/\/velo.md\/ro\/wp-json\/wp\/v2\/types\/product"}],"replies":[{"embeddable":true,"href":"http:\/\/velo.md\/ro\/wp-json\/wp\/v2\/comments?post=14806"}],"wp:featuredmedia":[{"embeddable":true,"href":"http:\/\/velo.md\/ro\/wp-json\/wp\/v2\/media\/14807"}],"wp:attachment":[{"href":"http:\/\/velo.md\/ro\/wp-json\/wp\/v2\/media?parent=14806"}],"wp:term":[{"taxonomy":"product_cat","embeddable":true,"href":"http:\/\/velo.md\/ro\/wp-json\/wp\/v2\/product_cat?post=14806"},{"taxonomy":"product_tag","embeddable":true,"href":"http:\/\/velo.md\/ro\/wp-json\/wp\/v2\/product_tag?post=14806"}],"curies":[{"name":"wp","href":"https:\/\/api.w.org\/{rel}","templated":true}]}}